{"id":1436,"date":"2024-06-24T20:49:52","date_gmt":"2024-06-24T19:49:52","guid":{"rendered":"https:\/\/nicepartylife.com\/?page_id=1436"},"modified":"2024-07-06T12:14:31","modified_gmt":"2024-07-06T11:14:31","slug":"mentions-legales","status":"publish","type":"page","link":"https:\/\/nicepartylife.com\/da\/mentions-legales\/","title":{"rendered":"Juridisk meddelelse"},"content":{"rendered":"<p>Definitioner<\/p>\n\n\n\n<p>Kunde: enhver professionel eller kompetent fysisk person i henhold til artikel 1123 ff. i den franske civillovbog eller juridisk person, der bes\u00f8ger det websted, der er genstand for disse generelle vilk\u00e5r og betingelser.<br>Tjenester: https:\/\/nicepartylife.com\/ stiller til r\u00e5dighed for kunder:<\/p>\n\n\n\n<p>Indhold: Alle elementer, der udg\u00f8r informationen p\u00e5 webstedet, is\u00e6r tekster - billeder - videoer.<\/p>\n\n\n\n<p>Kundeoplysninger: I det f\u00f8lgende ben\u00e6vnt \"Oplysninger\", som svarer til alle personlige data, der kan opbevares af https:\/\/nicepartylife.com\/ til administration af din konto, styring af kundeforhold og til analyse og statistiske form\u00e5l.<\/p>\n\n\n\n<p>Bruger: Internetbruger, der opretter forbindelse til og bruger ovenn\u00e6vnte websted.<\/p>\n\n\n\n<p>Personlige oplysninger: \"Oplysninger, der under en hvilken som helst form direkte eller indirekte g\u00f8r det muligt at identificere de fysiske personer, som de vedr\u00f8rer\" (artikel 4 i lov nr. 78-17 af 6. januar 1978).<\/p>\n\n\n\n<p>Begreberne \"personoplysninger\", \"registreret\", \"underdatabehandler\" og \"f\u00f8lsomme oplysninger\" har den betydning, der er defineret i den generelle databeskyttelsesforordning (GDPR: nr. 2016-679).<\/p>\n\n\n\n<ol class=\"wp-block-list\">\n<li>Pr\u00e6sentation af hjemmesiden.<\/li>\n<\/ol>\n\n\n\n<p>I henhold til artikel 6 i den franske lov nr. 2004-575 af 21. juni 2004 om tillid til den digitale \u00f8konomi oplyses brugerne af webstedet https:\/\/nicepartylife.com\/ om identiteten p\u00e5 de forskellige parter, der er involveret i dets oprettelse og opf\u00f8lgning:<\/p>\n\n\n\n<p>Ejer : Autoentreprise Benatia Marketing - 133 avenue sainte marguerite 06200 Nice<br>Ansvarlig for udgivelsen: Thomas - thomas@nicepartylife.com<br>Publikationschefen er en person eller en juridisk enhed.<br>Webmaster: Thomas - thomas@nicepartylife.com<br>V\u00e6rt: O2 Switch - Chem. des Pardiaux 63000 Clermont-Ferrand 04 44 44 60 40<br>Delegeret for databeskyttelse: Thomas - thomas@nicepartylife.com<\/p>\n\n\n\n<p>Disse juridiske meddelelser fra RGPD er taget fra den gratis generator, der tilbydes af Orson.io<\/p>\n\n\n\n<ol class=\"wp-block-list\" start=\"2\">\n<li>Generelle betingelser for brug af webstedet og de tilbudte tjenester.<\/li>\n<\/ol>\n\n\n\n<p>Webstedet udg\u00f8r et intellektuelt v\u00e6rk, der er beskyttet af bestemmelserne i loven om intellektuel ejendomsret og g\u00e6ldende internationale regler. Kunden m\u00e5 ikke p\u00e5 nogen m\u00e5de genbruge, overf\u00f8re eller udnytte hele eller dele af elementerne eller v\u00e6rkerne p\u00e5 webstedet for egen regning.<\/p>\n\n\n\n<p>Brug af webstedet https:\/\/nicepartylife.com\/ indeb\u00e6rer fuld accept af de generelle brugsbetingelser, der er beskrevet nedenfor. Disse brugsbetingelser kan til enhver tid \u00e6ndres eller suppleres, og brugere af webstedet https:\/\/nicepartylife.com\/ r\u00e5des derfor til at konsultere dem regelm\u00e6ssigt.<\/p>\n\n\n\n<p>Dette websted er normalt tilg\u00e6ngeligt for brugerne p\u00e5 alle tidspunkter. https:\/\/nicepartylife.com\/ kan dog beslutte at afbryde webstedet med henblik p\u00e5 teknisk vedligeholdelse, i hvilket tilf\u00e6lde det vil bestr\u00e6be sig p\u00e5 at informere brugerne om datoer og tidspunkter for indgrebet p\u00e5 forh\u00e5nd. Webstedet https:\/\/nicepartylife.com\/ opdateres regelm\u00e6ssigt af https:\/\/nicepartylife.com\/. P\u00e5 samme m\u00e5de kan de juridiske meddelelser til enhver tid \u00e6ndres: de er ikke desto mindre bindende for brugeren, som opfordres til at henvise til dem s\u00e5 ofte som muligt for at f\u00e5 kendskab til dem.<\/p>\n\n\n\n<ol class=\"wp-block-list\" start=\"3\">\n<li>Beskrivelse af de leverede tjenester.<\/li>\n<\/ol>\n\n\n\n<p>Form\u00e5let med webstedet https:\/\/nicepartylife.com\/ er at give oplysninger om alle virksomhedens aktiviteter. https:\/\/nicepartylife.com\/ bestr\u00e6ber sig p\u00e5 at give oplysninger p\u00e5 webstedet https:\/\/nicepartylife.com\/, der er s\u00e5 n\u00f8jagtige som muligt. Den kan dog ikke holdes ansvarlig for eventuelle udeladelser, un\u00f8jagtigheder eller manglende opdatering af oplysninger, uanset om de er for\u00e5rsaget af virksomheden selv eller af tredjepartspartnere, der leverer s\u00e5danne oplysninger.<\/p>\n\n\n\n<p>Alle oplysninger p\u00e5 webstedet https:\/\/nicepartylife.com\/ er kun vejledende og kan \u00e6ndres. Desuden er oplysningerne p\u00e5 webstedet https:\/\/nicepartylife.com\/ ikke udt\u00f8mmende. Der kan v\u00e6re foretaget \u00e6ndringer, siden de blev lagt online.<\/p>\n\n\n\n<ol class=\"wp-block-list\" start=\"4\">\n<li>Kontraktlige begr\u00e6nsninger p\u00e5 tekniske data.<\/li>\n<\/ol>\n\n\n\n<p>Webstedet bruger JavaScript-teknologi. Webstedet kan ikke holdes ansvarligt for eventuelle materielle skader, der opst\u00e5r som f\u00f8lge af brug af webstedet. Derudover forpligter brugeren af webstedet sig til at f\u00e5 adgang til webstedet ved hj\u00e6lp af nyere hardware, fri for vira og med en browser af den nyeste generation opdateret Webstedet https:\/\/nicepartylife.com\/ er hostet hos en udbyder p\u00e5 Den Europ\u00e6iske Unions omr\u00e5de i overensstemmelse med bestemmelserne i den generelle forordning om databeskyttelse (RGPD: nr. 2016-679).<\/p>\n\n\n\n<p>M\u00e5let er at levere en service, der sikrer den bedste tilg\u00e6ngelighed. V\u00e6rten sikrer kontinuitet i sin service 24 timer i d\u00f8gnet, hver dag \u00e5ret rundt. Den forbeholder sig dog ret til at afbryde hostingtjenesten i kortest mulig tid, is\u00e6r til vedligeholdelsesform\u00e5l, for at forbedre sine infrastrukturer, i tilf\u00e6lde af infrastrukturfejl, eller hvis tjenesterne genererer trafik, der anses for unormal.<\/p>\n\n\n\n<p>https:\/\/nicepartylife.com\/ og v\u00e6rten kan ikke holdes ansvarlig i tilf\u00e6lde af funktionsfejl i internetnetv\u00e6rket, telefonlinjer eller computer- og telefoniudstyr, is\u00e6r p\u00e5 grund af overbelastning af netv\u00e6rket, der forhindrer adgang til serveren.<\/p>\n\n\n\n<ol class=\"wp-block-list\" start=\"5\">\n<li>Intellektuel ejendomsret og forfalskning.<\/li>\n<\/ol>\n\n\n\n<p>https:\/\/nicepartylife.com\/ er ejer af de intellektuelle ejendomsrettigheder og har brugsretten til alle elementer, der er tilg\u00e6ngelige p\u00e5 webstedet, is\u00e6r tekster, billeder, grafik, logoer, videoer, ikoner og lyde. Enhver reproduktion, repr\u00e6sentation, \u00e6ndring, offentligg\u00f8relse, tilpasning af alle eller en del af elementerne p\u00e5 webstedet, uanset hvilke midler eller processer der anvendes, er forbudt, undtagen med forudg\u00e5ende skriftlig tilladelse fra: https:\/\/nicepartylife.com\/.<\/p>\n\n\n\n<p>Enhver uautoriseret brug af webstedet eller af nogen af de elementer, det indeholder, vil blive betragtet som en overtr\u00e6delse og vil blive retsforfulgt i overensstemmelse med bestemmelserne i artikel L.335-2 ff. i den franske lov om intellektuel ejendomsret.<\/p>\n\n\n\n<p>https:\/\/nicepartylife.com\/ fungerer som hjemmesidens udgiver. https:\/\/nicepartylife.com\/ er ansvarlig for kvaliteten og n\u00f8jagtigheden af det indhold, den udgiver.<\/p>\n\n\n\n<p>https:\/\/nicepartylife.com\/ kan ikke holdes ansvarlig for direkte eller indirekte skader, der er for\u00e5rsaget af brugerens udstyr ved adgang til webstedet https:\/\/nicepartylife.com\/, og som enten skyldes brug af udstyr, der ikke opfylder de specifikationer, der er angivet i punkt 4, eller som f\u00f8lge af en fejl eller inkompatibilitet.<\/p>\n\n\n\n<p>https:\/\/nicepartylife.com\/ kan ikke holdes ansvarlig for indirekte skader (s\u00e5som tab af marked eller tab af muligheder) som f\u00f8lge af brug af webstedet https:\/\/nicepartylife.com\/. Interaktive omr\u00e5der (mulighed for at stille sp\u00f8rgsm\u00e5l i kontaktomr\u00e5det) er tilg\u00e6ngelige for brugerne. https:\/\/nicepartylife.com\/ forbeholder sig ret til uden forudg\u00e5ende varsel at slette alt indhold, der er lagt ud i dette omr\u00e5de, og som er i strid med g\u00e6ldende lovgivning i Frankrig, is\u00e6r bestemmelser vedr\u00f8rende databeskyttelse. I givet fald forbeholder https:\/\/nicepartylife.com\/ sig ogs\u00e5 ret til at holde brugeren civilretligt og\/eller strafferetligt ansvarlig, is\u00e6r i tilf\u00e6lde af meddelelser af racistisk, forn\u00e6rmende, \u00e6rekr\u00e6nkende eller pornografisk karakter, uanset hvilket medium der anvendes (tekst, fotografier osv.).<\/p>\n\n\n\n<ol class=\"wp-block-list\" start=\"7\">\n<li>H\u00e5ndtering af personlige data.<\/li>\n<\/ol>\n\n\n\n<p>Kunden er informeret om reglerne vedr\u00f8rende markedsf\u00f8ringskommunikation, loven af 21. juni 2014 om tillid til den digitale \u00f8konomi, databeskyttelsesloven af 6. august 2004 samt den generelle databeskyttelsesforordning (RGPD: nr. 2016-679).<\/p>\n\n\n\n<p>7.1 Personer, der er ansvarlige for indsamling af persondata<\/p>\n\n\n\n<p>For personoplysninger, der indsamles som en del af oprettelsen af brugerens personlige konto og browsing p\u00e5 webstedet, er den person, der er ansvarlig for behandling af personoplysninger: Benatia Marketing. https:\/\/nicepartylife.com\/est repr\u00e6senteret af Thomas, dets juridiske repr\u00e6sentant<\/p>\n\n\n\n<p>Som ansvarlig for behandlingen af de indsamlede data forpligter https:\/\/nicepartylife.com\/ sig til at overholde de g\u00e6ldende lovbestemmelser. Det er is\u00e6r kundens ansvar at fastl\u00e6gge form\u00e5let med databehandlingen, at give sine potentielle kunder og kunder fuldst\u00e6ndige oplysninger om behandlingen af deres personoplysninger, n\u00e5r deres samtykke er indhentet, og at f\u00f8re et n\u00f8jagtigt register over behandlingen. N\u00e5r https:\/\/nicepartylife.com\/ behandler personoplysninger, tager https:\/\/nicepartylife.com\/ alle rimelige skridt for at sikre, at personoplysningerne er n\u00f8jagtige og relevante for de form\u00e5l, som https:\/\/nicepartylife.com\/ behandler dem til.<\/p>\n\n\n\n<p>7.2 Form\u00e5let med de indsamlede data<\/p>\n\n\n\n<p>https:\/\/nicepartylife.com\/ kan behandle alle eller dele af dataene:<\/p>\n\n\n\n<p>for at muligg\u00f8re browsing p\u00e5 webstedet og styring og sporbarhed af tjenester, der er bestilt af brugeren: Webstedsforbindelse og brugsdata, fakturering, ordrehistorik osv.<\/p>\n\n\n\n<p>for at forebygge og bek\u00e6mpe computersvindel (spamming, hacking osv.): hardware, der bruges til browsing, IP-adresse, adgangskode (hash) osv.<\/p>\n\n\n\n<p>for at forbedre webstedsnavigationen: forbindelses- og brugsdata<\/p>\n\n\n\n<p>at gennemf\u00f8re valgfrie tilfredshedsunders\u00f8gelser p\u00e5 https:\/\/nicepartylife.com\/: e-mailadresse<\/p>\n\n\n\n<p>til at udf\u00f8re kommunikationskampagner (sms, e-mail): telefonnummer, e-mailadresse.<\/p>\n\n\n\n<p>https:\/\/nicepartylife.com\/ s\u00e6lger ikke dine personlige data, som udelukkende bruges til statistiske og analytiske form\u00e5l.<\/p>\n\n\n\n<p>7.3 Ret til adgang, berigtigelse og indsigelse<\/p>\n\n\n\n<p>I overensstemmelse med g\u00e6ldende europ\u00e6iske regler har brugere af https:\/\/nicepartylife.com\/ f\u00f8lgende rettigheder:<\/p>\n\n\n\n<p>ret til adgang (artikel 15 i RGPD) og berigtigelse (artikel 16 i RGPD), opdatering, fuldst\u00e6ndighed af brugernes data ret til at blokere eller slette brugernes personlige data (artikel 17 i RGPD), n\u00e5r de er un\u00f8jagtige, ufuldst\u00e6ndige, tvetydige, for\u00e6ldede eller hvis indsamling, brug, kommunikation eller opbevaring er forbudt<\/p>\n\n\n\n<p>retten til at tr\u00e6kke samtykke tilbage til enhver tid (artikel 13-2c i RGPD)<\/p>\n\n\n\n<p>retten til at begr\u00e6nse behandlingen af brugernes data (artikel 18 i RGPD)<\/p>\n\n\n\n<p>ret til at g\u00f8re indsigelse mod behandlingen af brugernes data (artikel 21 i RGPD)<\/p>\n\n\n\n<p>ret til portabilitet af data leveret af brugere, hvor s\u00e5danne data er genstand for automatiseret behandling baseret p\u00e5 deres samtykke eller p\u00e5 en kontrakt (artikel 20 i RGPD)<\/p>\n\n\n\n<p>retten til at definere sk\u00e6bnen for brugernes data efter deres d\u00f8d og til at v\u00e6lge, hvem https:\/\/nicepartylife.com\/ skal videregive (eller ikke videregive) deres data til en tredjepart, som de tidligere har udpeget.<\/p>\n\n\n\n<p>S\u00e5 snart https:\/\/nicepartylife.com\/ bliver opm\u00e6rksom p\u00e5 en brugers d\u00f8d, og i mangel af instruktioner fra brugeren, forpligter https:\/\/nicepartylife.com\/ sig til at \u00f8del\u00e6gge brugerens data, medmindre det er n\u00f8dvendigt at opbevare dem af bevism\u00e6ssige \u00e5rsager eller for at opfylde en juridisk forpligtelse.<\/p>\n\n\n\n<p>Hvis brugeren \u00f8nsker at vide, hvordan https:\/\/nicepartylife.com\/ bruger hans eller hendes personlige data, at bede om at f\u00e5 dem rettet eller at g\u00f8re indsigelse mod deres behandling, kan brugeren kontakte https:\/\/nicepartylife.com\/ skriftligt p\u00e5 f\u00f8lgende adresse: Benatia Marketing - DPO, Thomas<br>133 avenue sainte marguerite 06200 Nice.<\/p>\n\n\n\n<p>I dette tilf\u00e6lde skal brugeren angive de personoplysninger, som han\/hun \u00f8nsker, at https:\/\/nicepartylife.com\/ skal rette, opdatere eller slette, og identificere sig selv pr\u00e6cist med en kopi af et identitetsdokument (identitetskort eller pas).<\/p>\n\n\n\n<p>Anmodninger om sletning af personoplysninger vil v\u00e6re underlagt de forpligtelser, der er p\u00e5lagt https:\/\/nicepartylife.com\/ ved lov, is\u00e6r med hensyn til opbevaring eller arkivering af dokumenter. Endelig kan brugere af https:\/\/nicepartylife.com\/ indgive en klage til tilsynsmyndighederne, is\u00e6r CNIL (https:\/\/www.cnil.fr\/fr\/plaintes).<\/p>\n\n\n\n<p>7.4 Hemmeligholdelse af persondata<\/p>\n\n\n\n<p>https:\/\/nicepartylife.com\/ afholder sig fra at behandle, hoste eller overf\u00f8re oplysninger indsamlet om sine kunder til et land uden for Den Europ\u00e6iske Union eller anerkendt som \"ikke-tilstr\u00e6kkelig\" af Europa-Kommissionen uden at informere kunden p\u00e5 forh\u00e5nd. For alt dette forbliver https:\/\/nicepartylife.com\/ fri til at v\u00e6lge sine tekniske og kommercielle underleverand\u00f8rer p\u00e5 betingelse af, at de pr\u00e6senterer tilstr\u00e6kkelige garantier med hensyn til kravene i den generelle databeskyttelsesforordning (GDPR: nr. 2016-679).<\/p>\n\n\n\n<p>https:\/\/nicepartylife.com\/ forpligter sig til at tage alle n\u00f8dvendige forholdsregler for at bevare informationens sikkerhed, og is\u00e6r at den ikke kommunikeres til uautoriserede personer. Hvis https:\/\/nicepartylife.com\/ imidlertid bliver gjort opm\u00e6rksom p\u00e5 en h\u00e6ndelse, der p\u00e5virker integriteten eller fortroligheden af kundens oplysninger, skal sidstn\u00e6vnte informere kunden s\u00e5 hurtigt som muligt og informere ham om de korrigerende foranstaltninger, der er truffet. https:\/\/nicepartylife.com\/ indsamler ikke nogen \"f\u00f8lsomme data\".<\/p>\n\n\n\n<p>Brugerens personlige data kan behandles af https:\/\/nicepartylife.com\/ datterselskaber og underleverand\u00f8rer (tjenesteudbydere), udelukkende for at opn\u00e5 form\u00e5lene med denne politik.<\/p>\n\n\n\n<p>Inden for rammerne af deres respektive ansvarsomr\u00e5der og til de form\u00e5l, der er n\u00e6vnt ovenfor, er de vigtigste personer, der sandsynligvis har adgang til https:\/\/nicepartylife.com\/-brugernes data, hovedsageligt vores kundeserviceagenter.<\/p>\n\n\n\n<ol class=\"wp-block-list\" start=\"8\">\n<li>Underretning om h\u00e6ndelser<\/li>\n<\/ol>\n\n\n\n<p>P\u00e5 trods af vores bedste indsats er ingen metode til transmission via internettet og ingen metode til elektronisk lagring helt sikker. Vi kan derfor ikke garantere absolut sikkerhed. Hvis vi bliver opm\u00e6rksomme p\u00e5 et sikkerhedsbrud, vil vi underrette de ber\u00f8rte brugere, s\u00e5 de kan tr\u00e6ffe passende foranstaltninger. Vores procedurer for underretning om h\u00e6ndelser tager h\u00f8jde for vores juridiske forpligtelser, uanset om det er p\u00e5 nationalt eller europ\u00e6isk niveau. Vi forpligter os til at holde vores kunder fuldt informeret om alle forhold, der vedr\u00f8rer sikkerheden p\u00e5 deres konto, og til at give dem alle de oplysninger, der er n\u00f8dvendige for at hj\u00e6lpe dem med at opfylde deres egne lovgivningsm\u00e6ssige rapporteringsforpligtelser.<\/p>\n\n\n\n<p>Ingen personlige oplysninger om brugeren af webstedet https:\/\/nicepartylife.com\/ offentligg\u00f8res uden brugerens viden, udveksles, overf\u00f8res, overdrages eller s\u00e6lges p\u00e5 noget som helst medium til tredjeparter. Kun antagelsen om tilbagek\u00f8b af https:\/\/nicepartylife.com\/ og dets rettigheder ville tillade overf\u00f8rsel af de n\u00e6vnte oplysninger til den eventuelle k\u00f8ber, som igen ville v\u00e6re bundet af den samme forpligtelse til bevarelse og \u00e6ndring af dataene med hensyn til brugeren af webstedet https:\/\/nicepartylife.com\/.<\/p>\n\n\n\n<p>Sikkerhed<\/p>\n\n\n\n<p>For at sikre sikkerheden og fortroligheden af personlige data og personlige sundhedsdata bruger https:\/\/nicepartylife.com\/ netv\u00e6rk, der er beskyttet af standardanordninger som firewalls, pseudonymisering, kryptering og adgangskoder.<\/p>\n\n\n\n<p>N\u00e5r vi behandler personoplysninger, tager https:\/\/nicepartylife.com\/prend alle rimelige skridt til at beskytte dem mod tab, misbrug, uautoriseret adgang, videregivelse, \u00e6ndring eller \u00f8del\u00e6ggelse.<\/p>\n\n\n\n<ol class=\"wp-block-list\" start=\"9\">\n<li>Hypertekstlinks, cookies og internet-tags<\/li>\n<\/ol>\n\n\n\n<p>Webstedet https:\/\/nicepartylife.com\/ indeholder en r\u00e6kke hypertekstlinks til andre websteder, der er oprettet med tilladelse fra https:\/\/nicepartylife.com\/. https:\/\/nicepartylife.com\/ er dog ikke i stand til at kontrollere indholdet af de websteder, der bes\u00f8ges p\u00e5 denne m\u00e5de, og p\u00e5tager sig derfor intet ansvar i denne henseende. Medmindre du beslutter dig for at deaktivere cookies, accepterer du, at webstedet kan bruge dem. Du kan til enhver tid gratis deaktivere disse cookies ved hj\u00e6lp af deaktiveringsmulighederne nedenfor, selv om dette kan reducere eller forhindre adgang til alle eller dele af de tjenester, der tilbydes af webstedet.<\/p>\n\n\n\n<p>9.1 \"COOKIES<\/p>\n\n\n\n<p>En \"cookie\" er en lille informationsfil, der sendes til brugerens browser og gemmes p\u00e5 brugerens terminal (f.eks. computer, smartphone) (i det f\u00f8lgende ben\u00e6vnt \"cookies\"). Denne fil indeholder oplysninger s\u00e5som brugerens dom\u00e6nenavn, brugerens internetudbyder, brugerens operativsystem samt dato og klokkesl\u00e6t for adgang. Cookies kan p\u00e5 ingen m\u00e5de skade brugerens terminal.<\/p>\n\n\n\n<p>https:\/\/nicepartylife.com\/ kan behandle oplysninger om brugerens bes\u00f8g p\u00e5 webstedet, f.eks. bes\u00f8gte sider og udf\u00f8rte s\u00f8gninger. Disse oplysninger g\u00f8r det muligt for https:\/\/nicepartylife.com\/ at forbedre indholdet p\u00e5 webstedet og brugerens browseroplevelse.<\/p>\n\n\n\n<p>Cookies letter browsing og\/eller levering af tjenester, der tilbydes af webstedet, og brugeren kan konfigurere sin browser, s\u00e5 han eller hun kan beslutte, om han eller hun vil acceptere dem eller ej, s\u00e5 cookies gemmes i terminalen eller tv\u00e6rtimod afvises, enten systematisk eller afh\u00e6ngigt af afsenderen. Brugeren kan ogs\u00e5 konfigurere sin browsersoftware, s\u00e5 accept eller afvisning af cookies foresl\u00e5s fra tid til anden, f\u00f8r en cookie sandsynligvis vil blive registreret i hans\/hendes terminal. https:\/\/nicepartylife.com\/ informerer brugeren om, at i dette tilf\u00e6lde er muligvis ikke alle funktionerne i hans\/hendes browsersoftware tilg\u00e6ngelige.<\/p>\n\n\n\n<p>Hvis brugeren n\u00e6gter at tillade, at der gemmes cookies p\u00e5 hans eller hendes terminal eller browser, eller hvis brugeren sletter alle cookies, der er gemt p\u00e5 hans eller hendes terminal eller browser, informeres brugeren om, at hans eller hendes browsing og oplevelse p\u00e5 webstedet kan v\u00e6re begr\u00e6nset. Dette kan ogs\u00e5 v\u00e6re tilf\u00e6ldet, n\u00e5r https:\/\/nicepartylife.com\/ eller en af dets tjenesteudbydere af tekniske kompatibilitetshensyn ikke kan genkende den type browser, der bruges af terminalen, sprog- og sk\u00e6rmindstillingerne eller det land, hvorfra terminalen ser ud til at v\u00e6re forbundet til internettet.<\/p>\n\n\n\n<p>Hvor det er relevant, fraskriver https:\/\/nicepartylife.com\/ sig ethvert ansvar for konsekvenserne i forbindelse med den forringede drift af webstedet og alle tjenester, der tilbydes af https:\/\/nicepartylife.com\/, som f\u00f8lge af (i) brugerens afvisning af cookies (ii) den manglende mulighed for https:\/\/nicepartylife.com\/ for at registrere eller konsultere de cookies, der er n\u00f8dvendige for deres drift, p\u00e5 grund af brugerens valg. For at administrere cookies og brugervalg er konfigurationen af hver browser forskellig. Dette er beskrevet i browserens hj\u00e6lpemenu, som vil angive, hvordan brugeren kan \u00e6ndre sine \u00f8nsker med hensyn til cookies.<\/p>\n\n\n\n<p>Brugeren kan til enhver tid v\u00e6lge at udtrykke og \u00e6ndre sine \u00f8nsker med hensyn til cookies. https:\/\/nicepartylife.com\/ kan ogs\u00e5 benytte sig af eksterne tjenesteudbydere til at hj\u00e6lpe med at indsamle og behandle de oplysninger, der er beskrevet i dette afsnit.<\/p>\n\n\n\n<p>Endelig kan Twitter, Facebook, Linkedin og Google Plus ved at klikke p\u00e5 ikonerne dedikeret til de sociale netv\u00e6rk Twitter, Facebook, Linkedin og Google Plus, der vises p\u00e5 webstedet https:\/\/nicepartylife.com\/ eller i dets mobilapplikation, og hvis brugeren har accepteret deponering af cookies ved at forts\u00e6tte med at navigere p\u00e5 webstedet https:\/\/nicepartylife.com\/ eller mobilapplikationen, kan Twitter, Facebook, Linkedin og Google Plus ogs\u00e5 deponere cookies p\u00e5 dine terminaler (computer, tablet, mobiltelefon).<\/p>\n\n\n\n<p>Artikel 9.2. INTERNET-TAGS<\/p>\n\n\n\n<p>https:\/\/nicepartylife.com\/ kan lejlighedsvis anvende internettags (ogs\u00e5 kendt som \"tags\", action tags, single-pixel GIFs, clear GIFs, invisible GIFs og one-to-one GIFs) og distribuere dem via en specialiseret webanalysepartner, der kan v\u00e6re placeret (og derfor gemme de relevante oplysninger, herunder brugerens IP-adresse) i et andet land.<\/p>\n\n\n\n<p>Disse beacons placeres b\u00e5de i de onlineannoncer, der giver internetbrugere adgang til webstedet, og p\u00e5 de forskellige sider p\u00e5 webstedet.<\/p>\n\n\n\n<p>Denne teknologi g\u00f8r det muligt for https:\/\/nicepartylife.com\/ at evaluere de bes\u00f8gendes reaktioner p\u00e5 webstedet og effektiviteten af dets handlinger (f.eks. antallet af gange, en side \u00e5bnes, og de oplysninger, der konsulteres) samt brugerens brug af webstedet.<\/p>\n\n\n\n<p>Den eksterne tjenesteudbyder kan indsamle oplysninger om bes\u00f8gende p\u00e5 webstedet og andre internetsider ved hj\u00e6lp af disse tags, udarbejde rapporter om webstedsaktivitet til https:\/\/nicepartylife.com\/ og levere andre tjenester i forbindelse med brugen af webstedet og internettet.<\/p>\n\n\n\n<ol class=\"wp-block-list\" start=\"10\">\n<li><strong>G\u00e6ldende lov og jurisdiktion.<\/strong><\/li>\n<\/ol>\n\n\n\n<p>Enhver tvist, der opst\u00e5r i forbindelse med brugen af webstedet https:\/\/nicepartylife.com\/, er underlagt fransk lov. Bortset fra tilf\u00e6lde, hvor loven ikke tillader det, er den eksklusive jurisdiktion tildelt de kompetente domstole i Nice.<\/p>","protected":false},"excerpt":{"rendered":"<p>Definitioner Kunde: enhver professionel eller kompetent fysisk person i henhold til artikel 1123 ff. i den franske civillovbog eller juridisk enhed, der bes\u00f8ger det websted, der er genstand for disse generelle vilk\u00e5r og betingelser.tjenester: https:\/\/nicepartylife.com\/ stiller til r\u00e5dighed for kunder: Indhold: Alle elementer, der udg\u00f8r de oplysninger, der findes p\u00e5 webstedet, is\u00e6r...<\/p>","protected":false},"author":1,"featured_media":0,"parent":0,"menu_order":0,"comment_status":"closed","ping_status":"closed","template":"","meta":{"_kad_blocks_custom_css":"","_kad_blocks_head_custom_js":"","_kad_blocks_body_custom_js":"","_kad_blocks_footer_custom_js":"","_kad_post_transparent":"","_kad_post_title":"","_kad_post_layout":"","_kad_post_sidebar_id":"","_kad_post_content_style":"","_kad_post_vertical_padding":"","_kad_post_feature":"","_kad_post_feature_position":"","_kad_post_header":false,"_kad_post_footer":false,"_kad_post_classname":"","footnotes":""},"class_list":["post-1436","page","type-page","status-publish","hentry"],"taxonomy_info":[],"featured_image_src_large":false,"author_info":{"display_name":"Nice","author_link":"https:\/\/nicepartylife.com\/da\/author\/nice\/"},"comment_info":0,"_links":{"self":[{"href":"https:\/\/nicepartylife.com\/da\/wp-json\/wp\/v2\/pages\/1436","targetHints":{"allow":["GET"]}}],"collection":[{"href":"https:\/\/nicepartylife.com\/da\/wp-json\/wp\/v2\/pages"}],"about":[{"href":"https:\/\/nicepartylife.com\/da\/wp-json\/wp\/v2\/types\/page"}],"author":[{"embeddable":true,"href":"https:\/\/nicepartylife.com\/da\/wp-json\/wp\/v2\/users\/1"}],"replies":[{"embeddable":true,"href":"https:\/\/nicepartylife.com\/da\/wp-json\/wp\/v2\/comments?post=1436"}],"version-history":[{"count":0,"href":"https:\/\/nicepartylife.com\/da\/wp-json\/wp\/v2\/pages\/1436\/revisions"}],"wp:attachment":[{"href":"https:\/\/nicepartylife.com\/da\/wp-json\/wp\/v2\/media?parent=1436"}],"curies":[{"name":"wp","href":"https:\/\/api.w.org\/{rel}","templated":true}]}}