{"id":2924,"date":"2025-10-03T17:05:00","date_gmt":"2025-10-03T16:05:00","guid":{"rendered":"https:\/\/nicepartylife.com\/?page_id=2924"},"modified":"2025-10-03T17:05:01","modified_gmt":"2025-10-03T16:05:01","slug":"sitemap","status":"publish","type":"page","link":"https:\/\/nicepartylife.com\/da\/sitemap\/","title":{"rendered":"Sitemap"},"content":{"rendered":"<div class=\"wsp-container\"><h2 class=\"wsp-pages-title\">Sider<\/h2>\n<ul class=\"wsp-pages-list\">\n<li class=\"page_item page-item-1250\"><a href=\"https:\/\/nicepartylife.com\/da\/om-os\/\">Om os<\/a><\/li>\n<li class=\"page_item page-item-3272\"><a href=\"https:\/\/nicepartylife.com\/da\/badudlejning-franske-riviera\/\">B\u00e5dudlejning Franske Riviera<\/a><\/li>\n<li class=\"page_item page-item-1973\"><a href=\"https:\/\/nicepartylife.com\/da\/kasse\/\">Kasse<\/a><\/li>\n<li class=\"page_item page-item-3190\"><a href=\"https:\/\/nicepartylife.com\/da\/kontakte\/\">Kontakte<\/a><\/li>\n<li class=\"page_item page-item-1974\"><a href=\"https:\/\/nicepartylife.com\/da\/kunde-dashboard\/\">Dashboard<\/a><\/li>\n<li class=\"page_item page-item-952\"><a href=\"https:\/\/nicepartylife.com\/da\/\">Hjem<\/a><\/li>\n<li class=\"page_item page-item-1436\"><a href=\"https:\/\/nicepartylife.com\/da\/mentions-legales\/\">Juridisk meddelelse<\/a><\/li>\n<li class=\"page_item page-item-946 current_page_parent\"><a href=\"https:\/\/nicepartylife.com\/da\/blog\/\">Vores dejlige blog \u2600\ufe0f<\/a><\/li>\n<li class=\"page_item page-item-1636\"><a href=\"https:\/\/nicepartylife.com\/da\/pubcrawl-hyggelig\/\">Pub Crawl Nice<\/a><\/li>\n<li class=\"page_item page-item-1976\"><a href=\"https:\/\/nicepartylife.com\/da\/butik\/\">Butik<\/a><\/li>\n<li class=\"page_item page-item-2924\"><a href=\"https:\/\/nicepartylife.com\/da\/sitemap\/\">Sitemap<\/a><\/li>\n<li class=\"page_item page-item-958\"><a href=\"https:\/\/nicepartylife.com\/da\/support-faq\/\">Support og ofte stillede sp\u00f8rgsm\u00e5l<\/a><\/li>\n<li class=\"page_item page-item-1534\"><a href=\"https:\/\/nicepartylife.com\/da\/betingelser-dutilisering\/\">Vilk\u00e5r for brug<\/a><\/li>\n<\/ul>\n<h2 class=\"wsp-posts-title\">Indl\u00e6g efter kategori<\/h2>\n<ul class=\"wsp-posts-list\">\n\t<li><strong class=\"wsp-category-title\">Kategori: <a href=\"https:\/\/nicepartylife.com\/da\/kategori\/fest\/\">Parti<\/a><\/strong>\n<ul class=\"wsp-posts-list\">\t\t<li class=\"wsp-post\"><a href=\"https:\/\/nicepartylife.com\/da\/hvor-kan-man-se-fifa-world-cup-pa-en-god-made\/\">Hvor kan man se FIFA World Cup 2026 fodbold i Nice?<\/a><\/li>\n\t\t<li class=\"wsp-post\"><a href=\"https:\/\/nicepartylife.com\/da\/natklub-dejligt-frankrig\/\">Top 7 bedste natklubber i Nice, Frankrig efter musikstil \u2013 En lokals rangliste \ud83c\udf19\u00a0<\/a><\/li>\n\t\t<li class=\"wsp-post\"><a href=\"https:\/\/nicepartylife.com\/da\/de-bedste-villaer-i-nice-frankrig\/\">De bedste villaer i Nice, Frankrig: Komplet guide til lokale<\/a><\/li>\n\t\t<li class=\"wsp-post\"><a href=\"https:\/\/nicepartylife.com\/da\/teambuilding-i-nice-frankrig\/\">Top 5 unikke teambuilding-aktiviteter i Nice, Frankrig<\/a><\/li>\n\t\t<li class=\"wsp-post\"><a href=\"https:\/\/nicepartylife.com\/da\/luksus-bryllupssteder-franske-riviera\/\">Dr\u00f8mmebryllupper p\u00e5 den franske riviera: Top 12 luksussteder<\/a><\/li>\n\t\t<li class=\"wsp-post\"><a href=\"https:\/\/nicepartylife.com\/da\/bedste-spillesteder-for-livemusik-i-nice-frankrig\/\">De bedste spillesteder for livemusik i Nice, Frankrig: En lokal guide til jazz, koncerter og natteliv<\/a><\/li>\n\t\t<li class=\"wsp-post\"><a href=\"https:\/\/nicepartylife.com\/da\/bedste-kaffe-i-nice-frankrig\/\">Jagten p\u00e5 den bedste kaffe i Nice, Frankrig: opdag caf\u00e9er, kaffebarer og meget mere<\/a><\/li>\n\t\t<li class=\"wsp-post\"><a href=\"https:\/\/nicepartylife.com\/da\/dejlig-sportsbar-i-frankrig\/\">Hvor finder man den bedste sportsbar i Nice, Frankrig: en guide til live sportsfans<\/a><\/li>\n\t\t<li class=\"wsp-post\"><a href=\"https:\/\/nicepartylife.com\/da\/lej-bad-i-monaco-med-skipper\/\">Lej en b\u00e5d i Monaco med skipper: Den ultimative guide til luksus og frihed<\/a><\/li>\n\t\t<li class=\"wsp-post\"><a href=\"https:\/\/nicepartylife.com\/da\/lej-bad-i-cap-dail-med-skipper\/\">S\u00e5dan lejer du en b\u00e5d i Cap-d&#039;Ail med skipper for en uforglemmelig oplevelse<\/a><\/li>\n\t\t<li class=\"wsp-post\"><a href=\"https:\/\/nicepartylife.com\/da\/leje-bad-villefranche-sur-mer-med-skipper\/\">Lej en b\u00e5d i Villefranche-sur-Mer med skipper: Oplev den franske riviera fra vandet<\/a><\/li>\n\t\t<li class=\"wsp-post\"><a href=\"https:\/\/nicepartylife.com\/da\/leje-bad-menton-skipper\/\">Lej en b\u00e5d i Menton med skipper: Udforsk den franske riviera med stil<\/a><\/li>\n\t\t<li class=\"wsp-post\"><a href=\"https:\/\/nicepartylife.com\/da\/fine-ideer-til-polterabend\/\">Id\u00e9er til polterabend i Nice: Unikke m\u00e5der at fejre p\u00e5 den franske riviera<\/a><\/li>\n\t\t<li class=\"wsp-post\"><a href=\"https:\/\/nicepartylife.com\/da\/scooterudlejning-naer-promenade-des-anglais\/\">Scooterudlejning n\u00e6r Promenade des Anglais: Udforsk Nice med stil og komfort<\/a><\/li>\n\t\t<li class=\"wsp-post\"><a href=\"https:\/\/nicepartylife.com\/da\/hvordan-man-kommer-fra-en-dejlig-lufthavn-til-byens-centrum\/\">S\u00e5dan kommer du fra Nice lufthavn til byens centrum: Alle de bedste muligheder<\/a><\/li>\n\t\t<li class=\"wsp-post\"><a href=\"https:\/\/nicepartylife.com\/da\/sommerfest-i-dejligt-frankrig\/\">\ud83c\udf1e Den ultimative sommerfestguide 2025 p\u00e5 den franske riviera (Nice &amp; omegn)<\/a><\/li>\n\t\t<li class=\"wsp-post\"><a href=\"https:\/\/nicepartylife.com\/da\/cannes-filmfestival\/\">Cannes Filmfestival 2026: Komplet guide, film og tips<\/a><\/li>\n\t\t<li class=\"wsp-post\"><a href=\"https:\/\/nicepartylife.com\/da\/hvor-mange-dage-dejligt-frankrig\/\">Hvor mange dage i Nice, Frankrig: Planl\u00e6gning af den perfekte tur!<\/a><\/li>\n\t\t<li class=\"wsp-post\"><a href=\"https:\/\/nicepartylife.com\/da\/julemarked-dejligt-frankrig\/\">Oplev magien ved julemarkeder i Nice, Frankrig<\/a><\/li>\n\t\t<li class=\"wsp-post\"><a href=\"https:\/\/nicepartylife.com\/da\/bedste-homoseksuelle-barer-nice-frankrig\/\">Top 4 bedste homoseksuelle barer i Nice, de hotteste steder at feste!<\/a><\/li>\n\t\t<li class=\"wsp-post\"><a href=\"https:\/\/nicepartylife.com\/da\/polterabend-nice-france\/\">Bachelor- og bacheloretteguide til hyggelige begivenheder: Bedste ideer til uforglemmelig fest (2025)<\/a><\/li>\n\t\t<li class=\"wsp-post\"><a href=\"https:\/\/nicepartylife.com\/da\/halloween-nice-france\/\">Halloween 2025 i Nice: Den komplette guide til voksne og familier<\/a><\/li>\n\t\t<li class=\"wsp-post\"><a href=\"https:\/\/nicepartylife.com\/da\/nice-france-god-fest\/\">Er byen Nice i Frankrig velegnet til at feste i?<\/a><\/li>\n\t\t<li class=\"wsp-post\"><a href=\"https:\/\/nicepartylife.com\/da\/dejligt-natteliv-i-frankrig\/\">Natteliv i Nice Frankrig: Oplev de bedste steder, hvor folk i Nice g\u00e5r hen for at feste!<\/a><\/li>\n\t\t<li class=\"wsp-post\"><a href=\"https:\/\/nicepartylife.com\/da\/hvilken-bedste-pubcrawl-nice-france\/\">ANMELDELSE: Hvad er den bedste bar og pubcrawl i Nice Frankrig?<\/a><\/li>\n<\/ul><\/li>\n\t<li><strong class=\"wsp-category-title\">Kategori: <a href=\"https:\/\/nicepartylife.com\/da\/kategori\/skilob-naer-nice\/\">Skil\u00f8b n\u00e6r Nice<\/a><\/strong>\n<ul class=\"wsp-posts-list\">\t\t<li class=\"wsp-post\"><a href=\"https:\/\/nicepartylife.com\/da\/hvilket-skisportssted-fra-nice\/\">Hvor skal man st\u00e5 p\u00e5 ski fra Nice? Oplev de bedste skisportssteder<\/a><\/li>\n<\/ul><\/li>\n\t<li><strong class=\"wsp-category-title\">Kategori: <a href=\"https:\/\/nicepartylife.com\/da\/kategori\/rejse\/\">Rejser<\/a><\/strong>\n<ul class=\"wsp-posts-list\">\t\t<li class=\"wsp-post\"><a href=\"https:\/\/nicepartylife.com\/da\/dejligt-at-cannes\/\">Nice til Cannes: S\u00e5dan kommer du dertil (alle muligheder 2026)<\/a><\/li>\n\t\t<li class=\"wsp-post\"><a href=\"https:\/\/nicepartylife.com\/da\/karneval-dejligt-frankrig\/\">Oplev charmen ved Nice Carnival i Frankrig<\/a><\/li>\n\t\t<li class=\"wsp-post\"><a href=\"https:\/\/nicepartylife.com\/da\/hvor-langt-fra-nice-frankrig\/\">Hvor langt fra Nice, Frankrig? Afstandsberegner til 40+ byer<\/a><\/li>\n\t\t<li class=\"wsp-post\"><a href=\"https:\/\/nicepartylife.com\/da\/hvad-tid-i-det-smukke-frankrig\/\">Hvad er klokken i Nice, Frankrig?<\/a><\/li>\n\t\t<li class=\"wsp-post\"><a href=\"https:\/\/nicepartylife.com\/da\/hvad-man-skal-lave-i-nice\/\">Hvad skal man lave i Nice? Komplet guide efter tema<\/a><\/li>\n\t\t<li class=\"wsp-post\"><a href=\"https:\/\/nicepartylife.com\/da\/bedste-burgere-i-nice-frankrig\/\">De bedste burgere i Nice: Lokal guide \ud83c\udf54<\/a><\/li>\n\t\t<li class=\"wsp-post\"><a href=\"https:\/\/nicepartylife.com\/da\/ting-at-lave-i-nice-frankrig-i-december\/\">Nice, Frankrig i december: De bedste ting at lave p\u00e5 den franske riviera<\/a><\/li>\n\t\t<li class=\"wsp-post\"><a href=\"https:\/\/nicepartylife.com\/da\/vinmarker-naer-nice-frankrig\/\">Udforsk vinmarker n\u00e6r Nice: en guide til regionens bedste vinoplevelser<\/a><\/li>\n\t\t<li class=\"wsp-post\"><a href=\"https:\/\/nicepartylife.com\/da\/dejlig-frankrig-bryllupsrejse\/\">Hvorfor v\u00e6lge Nice i Frankrig til en romantisk bryllupsrejse?<\/a><\/li>\n\t\t<li class=\"wsp-post\"><a href=\"https:\/\/nicepartylife.com\/da\/dejligt-frankrig-i-oktober\/\">Nice, Frankrig i oktober: en mild middelhavsferie<\/a><\/li>\n\t\t<li class=\"wsp-post\"><a href=\"https:\/\/nicepartylife.com\/da\/dejlige-frankrig-vandfald\/\">Opdag den skjulte sk\u00f8nhed ved Nice Frankrigs vandfald<\/a><\/li>\n\t\t<li class=\"wsp-post\"><a href=\"https:\/\/nicepartylife.com\/da\/de-bedste-steder-at-overnatte-i-nice-frankrig\/\">\ud83c\udf1e De bedste overnatningssteder i Nice, Frankrig \u2014 En insiderguide til de bedste kvarterer<\/a><\/li>\n\t\t<li class=\"wsp-post\"><a href=\"https:\/\/nicepartylife.com\/da\/de-bedste-bed-breakfasts-i-nice-frankrig\/\">\ud83c\udf1e Bedste Bed &amp; Breakfasts i Nice, Frankrig \u2013 Top 5 rangering<\/a><\/li>\n\t\t<li class=\"wsp-post\"><a href=\"https:\/\/nicepartylife.com\/da\/bedste-restauranter-i-den-gamle-bydel-i-nice\/\">\ud83e\udd47 De bedste restauranter i den gamle bydel i Nice (Vieux Nice): Lokale perler og topvalg<\/a><\/li>\n\t\t<li class=\"wsp-post\"><a href=\"https:\/\/nicepartylife.com\/da\/de-bedste-restauranter-i-nice\/\">\ud83e\udd47 Bedste restauranter i Nice: Hvor man kan spise som en lokal p\u00e5 den franske riviera<\/a><\/li>\n\t\t<li class=\"wsp-post\"><a href=\"https:\/\/nicepartylife.com\/da\/bedste-solnedgangsbadtur\/\">De bedste solnedgangsb\u00e5dturoplevelser i Nice: pragt p\u00e5 den franske riviera<\/a><\/li>\n\t\t<li class=\"wsp-post\"><a href=\"https:\/\/nicepartylife.com\/da\/de-bedste-jetski-eventyr-i-nice\/\">De bedste jetski-eventyr i Nice: Priser, modeller og topoplevelser<\/a><\/li>\n\t\t<li class=\"wsp-post\"><a href=\"https:\/\/nicepartylife.com\/da\/romantiske-ting-at-lave-i-nice\/\">Romantiske ting at lave i Nice: Skab uforglemmelige \u00f8jeblikke med din elskede<\/a><\/li>\n\t\t<li class=\"wsp-post\"><a href=\"https:\/\/nicepartylife.com\/da\/de-bedste-isbutikker-i-topklasse\/\">\ud83c\udf66 Top 4 isbutikker at pr\u00f8ve i Nice i 2025<\/a><\/li>\n\t\t<li class=\"wsp-post\"><a href=\"https:\/\/nicepartylife.com\/da\/hvor-kan-man-spise-pan-bagnat-i-nice\/\">Hvor kan man spise Pan Bagnat i Nice? 5 autentiske lokale steder, du skal pr\u00f8ve<\/a><\/li>\n\t\t<li class=\"wsp-post\"><a href=\"https:\/\/nicepartylife.com\/da\/dejlig-badudlejning-med-skipper\/\">B\u00e5dudlejning med skipper til 10 personer i Nice \u2013 Privat krydstogtoplevelse<\/a><\/li>\n\t\t<li class=\"wsp-post\"><a href=\"https:\/\/nicepartylife.com\/da\/de-bedste-strande-i-nice-frankrig\/\">De bedste strande i Nice, Frankrig \u2013 En lokals \u00e6rlige valg<\/a><\/li>\n\t\t<li class=\"wsp-post\"><a href=\"https:\/\/nicepartylife.com\/da\/charter-privat-80m-yacht-franske-riviera\/\">Charter en privat 80 meter lang yacht p\u00e5 den franske riviera: Hvad du skal vide om omkostninger og APA<\/a><\/li>\n\t\t<li class=\"wsp-post\"><a href=\"https:\/\/nicepartylife.com\/da\/bedste-handelsskoler-paent-frankrig\/\">Hvordan v\u00e6lger man den bedste handelsskole i Nice?<\/a><\/li>\n\t\t<li class=\"wsp-post\"><a href=\"https:\/\/nicepartylife.com\/da\/leje-en-yacht-i-dejligt-frankrig\/\">Lej en yacht i Nice, Frankrig: dit perfekte middelhavseventyr<\/a><\/li>\n\t\t<li class=\"wsp-post\"><a href=\"https:\/\/nicepartylife.com\/da\/leje-luksusbil-flot-frankrig\/\">Lej luksusbiler i Nice \u2013 Kontakt os for at booke din dr\u00f8mmetur i dag!<\/a><\/li>\n\t\t<li class=\"wsp-post\"><a href=\"https:\/\/nicepartylife.com\/da\/hvor-kob-luksus-parfumer-dejligt-frankrig\/\">Hvor kan man k\u00f8be luksusparfumer i Nice, Frankrig?<\/a><\/li>\n\t\t<li class=\"wsp-post\"><a href=\"https:\/\/nicepartylife.com\/da\/hvordan-man-kommer-fra-nice-til-monte-carlo\/\">Hvordan kommer man fra Nice, Frankrig til Monte Carlo?<\/a><\/li>\n\t\t<li class=\"wsp-post\"><a href=\"https:\/\/nicepartylife.com\/da\/hvad-spiser-i-dejligt-frankrig\/\">Hvad skal man spise i Nice, Frankrig?<\/a><\/li>\n\t\t<li class=\"wsp-post\"><a href=\"https:\/\/nicepartylife.com\/da\/hvordan-man-kommer-til-dejligt-frankrig\/\">Hvordan kommer man til Nice, Frankrig?<\/a><\/li>\n\t\t<li class=\"wsp-post\"><a href=\"https:\/\/nicepartylife.com\/da\/hvad-man-skal-lave-i-dejligt-nar-det-regner\/\">Hvad skal man lave i Nice, n\u00e5r det regner?<\/a><\/li>\n\t\t<li class=\"wsp-post\"><a href=\"https:\/\/nicepartylife.com\/da\/blomstermarked-cours-saleya\/\">Blomstermarked og Cours Saleya-markedet i Nice: En unik oplevelse<\/a><\/li>\n\t\t<li class=\"wsp-post\"><a href=\"https:\/\/nicepartylife.com\/da\/nytar-dejligt-frankrig\/\">Fejr det nye \u00e5r i Nice, Frankrig<\/a><\/li>\n\t\t<li class=\"wsp-post\"><a href=\"https:\/\/nicepartylife.com\/da\/dagsture-fra-nice\/\">De bedste dagsture fra Nice til et mindev\u00e6rdigt C\u00f4te d'Azur-eventyr<\/a><\/li>\n<\/ul><\/li>\n<\/ul>\n<\/div>","protected":false},"excerpt":{"rendered":"","protected":false},"author":1,"featured_media":0,"parent":0,"menu_order":0,"comment_status":"closed","ping_status":"closed","template":"","meta":{"_kad_blocks_custom_css":"","_kad_blocks_head_custom_js":"","_kad_blocks_body_custom_js":"","_kad_blocks_footer_custom_js":"","_kad_post_transparent":"","_kad_post_title":"","_kad_post_layout":"","_kad_post_sidebar_id":"","_kad_post_content_style":"","_kad_post_vertical_padding":"","_kad_post_feature":"","_kad_post_feature_position":"","_kad_post_header":false,"_kad_post_footer":false,"_kad_post_classname":"","footnotes":""},"class_list":["post-2924","page","type-page","status-publish","hentry"],"taxonomy_info":[],"featured_image_src_large":false,"author_info":{"display_name":"Nice","author_link":"https:\/\/nicepartylife.com\/da\/author\/nice\/"},"comment_info":0,"_links":{"self":[{"href":"https:\/\/nicepartylife.com\/da\/wp-json\/wp\/v2\/pages\/2924","targetHints":{"allow":["GET"]}}],"collection":[{"href":"https:\/\/nicepartylife.com\/da\/wp-json\/wp\/v2\/pages"}],"about":[{"href":"https:\/\/nicepartylife.com\/da\/wp-json\/wp\/v2\/types\/page"}],"author":[{"embeddable":true,"href":"https:\/\/nicepartylife.com\/da\/wp-json\/wp\/v2\/users\/1"}],"replies":[{"embeddable":true,"href":"https:\/\/nicepartylife.com\/da\/wp-json\/wp\/v2\/comments?post=2924"}],"version-history":[{"count":2,"href":"https:\/\/nicepartylife.com\/da\/wp-json\/wp\/v2\/pages\/2924\/revisions"}],"predecessor-version":[{"id":2926,"href":"https:\/\/nicepartylife.com\/da\/wp-json\/wp\/v2\/pages\/2924\/revisions\/2926"}],"wp:attachment":[{"href":"https:\/\/nicepartylife.com\/da\/wp-json\/wp\/v2\/media?parent=2924"}],"curies":[{"name":"wp","href":"https:\/\/api.w.org\/{rel}","templated":true}]}}