{"id":1436,"date":"2024-06-24T20:49:52","date_gmt":"2024-06-24T19:49:52","guid":{"rendered":"https:\/\/nicepartylife.com\/?page_id=1436"},"modified":"2024-07-06T12:14:31","modified_gmt":"2024-07-06T11:14:31","slug":"nevner-legales","status":"publish","type":"page","link":"https:\/\/nicepartylife.com\/nb\/nevner-legales\/","title":{"rendered":"Juridisk merknad"},"content":{"rendered":"<p>Definisjoner<\/p>\n\n\n\n<p>Kunde: enhver profesjonell eller kompetent fysisk person i henhold til artikkel 1123 ff. i den franske borgerloven, eller juridisk person, som bes\u00f8ker nettstedet som er gjenstand for disse generelle vilk\u00e5rene.<br>Tjenester: https:\/\/nicepartylife.com\/ gj\u00f8r tilgjengelig for kundene:<\/p>\n\n\n\n<p>Innhold: Alle elementer som utgj\u00f8r informasjonen som finnes p\u00e5 nettstedet, spesielt tekster - bilder - videoer.<\/p>\n\n\n\n<p>Kundeinformasjon: Heretter kalt \"Informasjon(er)\", som tilsvarer alle personopplysninger som kan oppbevares av https:\/\/nicepartylife.com\/ for administrasjon av kontoen din, administrasjon av kundeforhold og for analyse- og statistikkform\u00e5l.<\/p>\n\n\n\n<p>Bruker: Internett-bruker som kobler seg til og bruker det ovennevnte nettstedet.<\/p>\n\n\n\n<p>Personopplysninger: \"Opplysninger som i en hvilken som helst form, direkte eller indirekte, gj\u00f8r det mulig \u00e5 identifisere de fysiske personene de gjelder\" (artikkel 4 i lov nr. 78-17 av 6. januar 1978).<\/p>\n\n\n\n<p>Begrepene \"personopplysninger\", \"registrert\", \"underdatabehandler\" og \"sensitive opplysninger\" har den betydningen som er definert i EUs personvernforordning (GDPR: nr. 2016-679)<\/p>\n\n\n\n<ol class=\"wp-block-list\">\n<li>Presentasjon av nettstedet.<\/li>\n<\/ol>\n\n\n\n<p>I henhold til artikkel 6 i lov nr. 2004-575 av 21. juni 2004 om tillit til den digitale \u00f8konomien, informeres brukerne av nettstedet https:\/\/nicepartylife.com\/ om identiteten til de ulike partene som er involvert i opprettelsen og oppf\u00f8lgingen av nettstedet:<\/p>\n\n\n\n<p>Eier : Autoentreprise Benatia Marketing - 133 avenue sainte marguerite 06200 Nice<br>Publikasjonsansvarlig: Thomas - thomas@nicepartylife.com<br>Publiseringsansvarlig er en person eller en juridisk enhet.<br>Webmaster: Thomas - thomas@nicepartylife.com<br>Vertskap: O2 Switch - Chem. des Pardiaux 63000 Clermont-Ferrand 04 44 44 60 40<br>Delegat for databeskyttelse: Thomas - thomas@nicepartylife.com<\/p>\n\n\n\n<p>Disse juridiske merknadene er hentet fra den gratis generatoren som tilbys av Orson.io<\/p>\n\n\n\n<ol class=\"wp-block-list\" start=\"2\">\n<li>Generelle vilk\u00e5r for bruk av nettstedet og tjenestene som tilbys.<\/li>\n<\/ol>\n\n\n\n<p>Nettstedet utgj\u00f8r et \u00e5ndsverk som er beskyttet av bestemmelsene i \u00e5ndsverksloven og gjeldende internasjonale regler. Kunden kan ikke p\u00e5 noen m\u00e5te gjenbruke, overf\u00f8re eller utnytte for egen regning hele eller deler av elementene eller verkene p\u00e5 Nettstedet.<\/p>\n\n\n\n<p>Bruk av nettstedet https:\/\/nicepartylife.com\/ inneb\u00e6rer full aksept av de generelle bruksbetingelsene som er beskrevet nedenfor. Disse bruksbetingelsene kan endres eller suppleres n\u00e5r som helst, og brukere av nettstedet https:\/\/nicepartylife.com\/ anbefales derfor \u00e5 konsultere dem regelmessig.<\/p>\n\n\n\n<p>Dette nettstedet er normalt tilgjengelig for brukerne til enhver tid. https:\/\/nicepartylife.com\/ kan imidlertid bestemme seg for \u00e5 avbryte nettstedet for teknisk vedlikehold, og vil i s\u00e5 fall fors\u00f8ke \u00e5 informere brukerne om datoene og klokkeslettene for inngrepet p\u00e5 forh\u00e5nd. Nettstedet https:\/\/nicepartylife.com\/ oppdateres regelmessig av https:\/\/nicepartylife.com\/. P\u00e5 samme m\u00e5te kan de juridiske merknadene endres n\u00e5r som helst: de er likevel bindende for brukeren, som oppfordres til \u00e5 henvise til dem s\u00e5 ofte som mulig for \u00e5 f\u00e5 kjennskap til dem.<\/p>\n\n\n\n<ol class=\"wp-block-list\" start=\"3\">\n<li>Beskrivelse av tjenestene som tilbys.<\/li>\n<\/ol>\n\n\n\n<p>Form\u00e5let med nettstedet https:\/\/nicepartylife.com\/ er \u00e5 gi informasjon om alle selskapets aktiviteter. https:\/\/nicepartylife.com\/ bestreber seg p\u00e5 \u00e5 gi s\u00e5 n\u00f8yaktig informasjon som mulig p\u00e5 nettstedet https:\/\/nicepartylife.com\/. Selskapet kan imidlertid ikke holdes ansvarlig for eventuelle utelatelser, un\u00f8yaktigheter eller manglende oppdatering av informasjon, enten det er for\u00e5rsaket av selskapet selv eller av tredjepartspartnere som leverer slik informasjon.<\/p>\n\n\n\n<p>All informasjon som gis p\u00e5 nettstedet https:\/\/nicepartylife.com\/ er kun veiledende, og kan endres. Informasjonen p\u00e5 nettstedet https:\/\/nicepartylife.com\/ er dessuten ikke utt\u00f8mmende. Den kan ha blitt endret etter at den ble lagt ut p\u00e5 nettet.<\/p>\n\n\n\n<ol class=\"wp-block-list\" start=\"4\">\n<li>Kontraktsmessige begrensninger p\u00e5 tekniske data.<\/li>\n<\/ol>\n\n\n\n<p>Nettstedet bruker JavaScript-teknologi. Nettstedet kan ikke holdes ansvarlig for eventuelle materielle skader som oppst\u00e5r som f\u00f8lge av bruk av nettstedet. I tillegg forplikter brukeren av nettstedet seg til \u00e5 f\u00e5 tilgang til nettstedet ved hjelp av nyere maskinvare, fri for virus og med en nettleser av den nyeste generasjonen oppdatert Nettstedet https:\/\/nicepartylife.com\/ er vert hos en leverand\u00f8r p\u00e5 EUs territorium i samsvar med bestemmelsene i den generelle databeskyttelsesforordningen (RGPD: nr. 2016-679)<\/p>\n\n\n\n<p>M\u00e5let er \u00e5 tilby en tjeneste som sikrer best mulig tilgjengelighet. Verten s\u00f8rger for kontinuitet i tjenesten 24 timer i d\u00f8gnet, hver dag hele \u00e5ret. Verten forbeholder seg imidlertid retten til \u00e5 avbryte hostingtjenesten i kortest mulig tid, spesielt for vedlikeholdsform\u00e5l, for \u00e5 forbedre infrastrukturen, i tilfelle infrastrukturfeil, eller hvis tjenestene genererer trafikk som anses som unormal.<\/p>\n\n\n\n<p>https:\/\/nicepartylife.com\/ og verten kan ikke holdes ansvarlig i tilfelle feil p\u00e5 Internett-nettverket, telefonlinjer eller data- og telefoniutstyr, spesielt p\u00e5 grunn av overbelastning i nettverket som hindrer tilgang til serveren.<\/p>\n\n\n\n<ol class=\"wp-block-list\" start=\"5\">\n<li>Immaterielle rettigheter og piratkopiering.<\/li>\n<\/ol>\n\n\n\n<p>https:\/\/nicepartylife.com\/ er eier av de immaterielle rettighetene og har bruksrettighetene til alle elementer som er tilgjengelige p\u00e5 nettstedet, s\u00e6rlig tekster, bilder, grafikk, logoer, videoer, ikoner og lyder. Enhver reproduksjon, representasjon, modifisering, publisering, tilpasning av hele eller deler av elementene p\u00e5 nettstedet, uansett hvilke midler eller prosesser som brukes, er forbudt, unntatt med skriftlig forh\u00e5ndstillatelse fra: https:\/\/nicepartylife.com\/.<\/p>\n\n\n\n<p>Enhver uautorisert bruk av nettstedet eller av noen av elementene det inneholder, vil bli ansett som en krenkelse og vil bli straffeforfulgt i henhold til bestemmelsene i artikkel L.335-2 ff. i den franske \u00e5ndsverksloven.<\/p>\n\n\n\n<p>https:\/\/nicepartylife.com\/ fungerer som nettstedets utgiver. https:\/\/nicepartylife.com\/ er ansvarlig for kvaliteten og n\u00f8yaktigheten av innholdet som publiseres.<\/p>\n\n\n\n<p>https:\/\/nicepartylife.com\/ kan ikke holdes ansvarlig for direkte eller indirekte skader som oppst\u00e5r p\u00e5 brukerens utstyr ved tilgang til nettstedet https:\/\/nicepartylife.com\/, og som skyldes bruk av utstyr som ikke oppfyller spesifikasjonene angitt i punkt 4, eller som skyldes feil eller inkompatibilitet.<\/p>\n\n\n\n<p>https:\/\/nicepartylife.com\/ kan ikke holdes ansvarlig for indirekte skader (for eksempel tap av marked eller tap av muligheter) som f\u00f8lge av bruk av nettstedet https:\/\/nicepartylife.com\/. Interaktive omr\u00e5der (mulighet for \u00e5 stille sp\u00f8rsm\u00e5l i kontaktomr\u00e5det) er tilgjengelige for brukerne. https:\/\/nicepartylife.com\/ forbeholder seg retten til \u00e5 slette, uten forvarsel, alt innhold som er lagt ut i dette omr\u00e5det som er i strid med gjeldende lovgivning i Frankrike, spesielt bestemmelser knyttet til databeskyttelse. https:\/\/nicepartylife.com\/ forbeholder seg ogs\u00e5 retten til \u00e5 holde brukeren sivilrettslig og\/eller strafferettslig ansvarlig, s\u00e6rlig i tilfelle meldinger av rasistisk, forn\u00e6rmende, \u00e6rekrenkende eller pornografisk karakter, uansett hvilket medium som brukes (tekst, bilder osv.).<\/p>\n\n\n\n<ol class=\"wp-block-list\" start=\"7\">\n<li>H\u00e5ndtering av personopplysninger.<\/li>\n<\/ol>\n\n\n\n<p>Kunden er informert om regelverket for markedskommunikasjon, loven av 21. juni 2014 om tillit til den digitale \u00f8konomien, personvernloven av 6. august 2004 samt den generelle personvernforordningen (RGPD: nr. 2016-679).<\/p>\n\n\n\n<p>7.1 Personer som er ansvarlige for innsamling av personopplysninger<\/p>\n\n\n\n<p>For personopplysninger som samles inn som en del av opprettelsen av brukerens personlige konto og surfing p\u00e5 nettstedet, er personen som er ansvarlig for behandling av personopplysninger: Benatia Marketing. https:\/\/nicepartylife.com\/est representert av Thomas, dets juridiske representant<\/p>\n\n\n\n<p>Som ansvarlig for behandlingen av de innsamlede opplysningene forplikter https:\/\/nicepartylife.com\/ seg til \u00e5 overholde gjeldende lovbestemmelser. Det er spesielt Kundens ansvar \u00e5 fastsette form\u00e5lene med databehandlingen, \u00e5 gi sine potensielle kunder og kunder fullstendig informasjon om behandlingen av deres personopplysninger, etter at deres samtykke er innhentet, og \u00e5 f\u00f8re et n\u00f8yaktig register over behandlingen. N\u00e5r https:\/\/nicepartylife.com\/ behandler personopplysninger, tar https:\/\/nicepartylife.com\/ alle rimelige skritt for \u00e5 sikre at personopplysningene er n\u00f8yaktige og relevante for de form\u00e5lene https:\/\/nicepartylife.com\/ behandler dem for.<\/p>\n\n\n\n<p>7.2 Form\u00e5let med datainnsamlingen<\/p>\n\n\n\n<p>https:\/\/nicepartylife.com\/ kan behandle alle eller deler av dataene :<\/p>\n\n\n\n<p>for \u00e5 gj\u00f8re det mulig \u00e5 surfe p\u00e5 nettstedet og administrere og spore tjenester som brukeren har bestilt: Tilkobling til nettstedet og bruksdata, fakturering, ordrehistorikk osv.<\/p>\n\n\n\n<p>for \u00e5 forebygge og bekjempe datasvindel (spamming, hacking osv.): maskinvare som brukes til surfing, IP-adresse, passord (hashet) osv.<\/p>\n\n\n\n<p>for \u00e5 forbedre navigasjonen p\u00e5 nettstedet: tilkoblings- og bruksdata<\/p>\n\n\n\n<p>for \u00e5 gjennomf\u00f8re valgfrie tilfredshetsunders\u00f8kelser p\u00e5 https:\/\/nicepartylife.com\/: e-postadresse<\/p>\n\n\n\n<p>for \u00e5 gjennomf\u00f8re kommunikasjonskampanjer (sms, e-post): telefonnummer, e-postadresse.<\/p>\n\n\n\n<p>https:\/\/nicepartylife.com\/ selger ikke personopplysningene dine, som utelukkende brukes til statistikk- og analyseform\u00e5l.<\/p>\n\n\n\n<p>7.3 Rett til innsyn, retting og innsigelse<\/p>\n\n\n\n<p>I henhold til gjeldende europeisk regelverk har brukere av https:\/\/nicepartylife.com\/ f\u00f8lgende rettigheter:<\/p>\n\n\n\n<p>rett til innsyn (artikkel 15 i RGPD) og retting (artikkel 16 i RGPD), oppdatering, fullstendighet av brukernes data rett til \u00e5 blokkere eller slette brukernes personopplysninger (artikkel 17 i RGPD), n\u00e5r de er un\u00f8yaktige, ufullstendige, tvetydige, utdaterte eller hvis innsamling, bruk, kommunikasjon eller lagring er forbudt<\/p>\n\n\n\n<p>retten til n\u00e5r som helst \u00e5 trekke tilbake samtykket (artikkel 13-2c i personvernforordningen)<\/p>\n\n\n\n<p>retten til \u00e5 begrense behandlingen av brukernes opplysninger (artikkel 18 i RGPD)<\/p>\n\n\n\n<p>rett til \u00e5 protestere mot behandlingen av brukernes opplysninger (artikkel 21 i personvernforordningen)<\/p>\n\n\n\n<p>rett til portabilitet av opplysninger gitt av brukere, der slike opplysninger er gjenstand for automatisert behandling basert p\u00e5 deres samtykke eller p\u00e5 en kontrakt (artikkel 20 i RGPD)<\/p>\n\n\n\n<p>retten til \u00e5 bestemme hva som skal skje med brukernes data etter deres d\u00f8d, og til \u00e5 velge hvem https:\/\/nicepartylife.com\/ skal videreformidle (eller ikke videreformidle) deres data til en tredjepart som de p\u00e5 forh\u00e5nd har utpekt.<\/p>\n\n\n\n<p>S\u00e5 snart https:\/\/nicepartylife.com\/ blir kjent med en brukers d\u00f8d, og i mangel av instruksjoner fra brukeren, forplikter https:\/\/nicepartylife.com\/ seg til \u00e5 \u00f8delegge brukerens data, med mindre det er n\u00f8dvendig \u00e5 oppbevare dem for bevisform\u00e5l eller for \u00e5 oppfylle en juridisk forpliktelse.<\/p>\n\n\n\n<p>Hvis brukeren \u00f8nsker \u00e5 vite hvordan https:\/\/nicepartylife.com\/ bruker hans eller hennes personopplysninger, \u00e5 be om at de blir rettet eller \u00e5 protestere mot behandlingen, kan brukeren kontakte https:\/\/nicepartylife.com\/ skriftlig p\u00e5 f\u00f8lgende adresse: Benatia Marketing - DPO, Thomas<br>133 avenue sainte marguerite 06200 Nice.<\/p>\n\n\n\n<p>I s\u00e5 fall m\u00e5 brukeren oppgi hvilke personopplysninger han\/hun \u00f8nsker at https:\/\/nicepartylife.com\/ skal korrigere, oppdatere eller slette, og identifisere seg n\u00f8yaktig med en kopi av et identitetsdokument (identitetskort eller pass).<\/p>\n\n\n\n<p>Foresp\u00f8rsler om sletting av personopplysninger vil v\u00e6re underlagt de forpliktelser som er p\u00e5lagt https:\/\/nicepartylife.com\/ ved lov, s\u00e6rlig n\u00e5r det gjelder oppbevaring eller arkivering av dokumenter. Til slutt kan brukere av https:\/\/nicepartylife.com\/ sende inn en klage til tilsynsmyndighetene, s\u00e6rlig CNIL (https:\/\/www.cnil.fr\/fr\/plaintes).<\/p>\n\n\n\n<p>7.4 Taushetsplikt for personopplysninger<\/p>\n\n\n\n<p>https:\/\/nicepartylife.com\/ avst\u00e5r fra \u00e5 behandle, hoste eller overf\u00f8re informasjon som er samlet inn om sine kunder til et land som ligger utenfor EU eller som er anerkjent som \"ikke-tilstrekkelig\" av EU-kommisjonen uten \u00e5 informere kunden p\u00e5 forh\u00e5nd. https:\/\/nicepartylife.com\/ st\u00e5r fritt til \u00e5 velge sine tekniske og kommersielle underleverand\u00f8rer, forutsatt at de gir tilstrekkelige garantier med hensyn til kravene i den generelle personvernforordningen (GDPR: nr. 2016-679).<\/p>\n\n\n\n<p>https:\/\/nicepartylife.com\/ forplikter seg til \u00e5 ta alle n\u00f8dvendige forholdsregler for \u00e5 bevare sikkerheten til informasjonen, og spesielt at den ikke blir kommunisert til uautoriserte personer. Hvis https:\/\/nicepartylife.com\/ blir gjort oppmerksom p\u00e5 en hendelse som p\u00e5virker integriteten eller konfidensialiteten til kundens informasjon, m\u00e5 https:\/\/nicepartylife.com\/ informere kunden s\u00e5 snart som mulig og informere ham om de korrigerende tiltakene som er iverksatt. https:\/\/nicepartylife.com\/ samler ikke inn noen \"sensitive data\".<\/p>\n\n\n\n<p>Brukerens personopplysninger kan bli behandlet av https:\/\/nicepartylife.com\/ datterselskaper og underleverand\u00f8rer (tjenesteleverand\u00f8rer), utelukkende for \u00e5 oppn\u00e5 form\u00e5lene i denne erkl\u00e6ringen.<\/p>\n\n\n\n<p>Innenfor rammene av sine respektive ansvarsomr\u00e5der og for de form\u00e5lene som er nevnt ovenfor, er det i hovedsak v\u00e5re kundeservicemedarbeidere som har tilgang til opplysningene til https:\/\/nicepartylife.com\/-brukere.<\/p>\n\n\n\n<ol class=\"wp-block-list\" start=\"8\">\n<li>Melding om hendelse<\/li>\n<\/ol>\n\n\n\n<p>Til tross for at vi gj\u00f8r v\u00e5rt beste, er ingen metode for overf\u00f8ring over Internett og ingen metode for elektronisk lagring helt sikker. Vi kan derfor ikke garantere absolutt sikkerhet. Hvis vi blir oppmerksomme p\u00e5 et sikkerhetsbrudd, vil vi varsle de ber\u00f8rte brukerne slik at de kan iverksette passende tiltak. V\u00e5re rutiner for varsling av hendelser tar hensyn til v\u00e5re juridiske forpliktelser, b\u00e5de p\u00e5 nasjonalt og europeisk niv\u00e5. Vi forplikter oss til \u00e5 holde kundene v\u00e5re fullt informert om alle forhold som gjelder sikkerheten p\u00e5 kontoen deres, og til \u00e5 gi dem all informasjon som er n\u00f8dvendig for at de skal kunne oppfylle sine egne lovp\u00e5lagte rapporteringsforpliktelser.<\/p>\n\n\n\n<p>Ingen personlig informasjon om brukeren av nettstedet https:\/\/nicepartylife.com\/ blir publisert uten brukerens viten, utvekslet, overf\u00f8rt, overdratt eller solgt p\u00e5 noe som helst medium til tredjeparter. Bare forutsetningen om tilbakekj\u00f8p av https:\/\/nicepartylife.com\/ og dets rettigheter vil tillate overf\u00f8ring av nevnte informasjon til den eventuelle kj\u00f8peren som i sin tur vil v\u00e6re bundet av den samme forpliktelsen til bevaring og endring av dataene med hensyn til brukeren av nettstedet https:\/\/nicepartylife.com\/.<\/p>\n\n\n\n<p>Sikkerhet<\/p>\n\n\n\n<p>For \u00e5 sikre sikkerheten og konfidensialiteten til personopplysninger og personlige helseopplysninger bruker https:\/\/nicepartylife.com\/ nettverk som er beskyttet av standardutstyr som brannmurer, pseudonymisering, kryptering og passord.<\/p>\n\n\n\n<p>Ved behandling av personopplysninger tar https:\/\/nicepartylife.com\/prend alle rimelige skritt for \u00e5 beskytte dem mot tap, misbruk, uautorisert tilgang, utlevering, endring eller \u00f8deleggelse.<\/p>\n\n\n\n<ol class=\"wp-block-list\" start=\"9\">\n<li>Hypertekstlenker, informasjonskapsler og Internett-tagger<\/li>\n<\/ol>\n\n\n\n<p>Nettstedet https:\/\/nicepartylife.com\/ inneholder en rekke hypertekstlenker til andre nettsteder, som er opprettet med tillatelse fra https:\/\/nicepartylife.com\/. https:\/\/nicepartylife.com\/ har imidlertid ikke mulighet til \u00e5 kontrollere innholdet p\u00e5 nettsteder som bes\u00f8kes p\u00e5 denne m\u00e5ten, og p\u00e5tar seg derfor ikke noe ansvar i denne forbindelse. Med mindre du velger \u00e5 deaktivere informasjonskapsler, godtar du at nettstedet kan bruke dem. Du kan n\u00e5r som helst deaktivere disse informasjonskapslene gratis ved hjelp av deaktiveringsalternativene nedenfor, selv om dette kan redusere eller forhindre tilgang til alle eller deler av tjenestene som tilbys av nettstedet.<\/p>\n\n\n\n<p>9.1 \"COOKIES<\/p>\n\n\n\n<p>En \"informasjonskapsel\" er en liten informasjonsfil som sendes til brukerens nettleser og lagres p\u00e5 brukerens terminal (f.eks. datamaskin, smarttelefon) (heretter kalt \"informasjonskapsler\"). Denne filen inneholder informasjon som brukerens domenenavn, brukerens Internett-leverand\u00f8r, brukerens operativsystem, samt dato og klokkeslett for tilgangen. Informasjonskapsler kan p\u00e5 ingen m\u00e5te skade brukerens terminal.<\/p>\n\n\n\n<p>https:\/\/nicepartylife.com\/ kan behandle informasjon om brukerens bes\u00f8k p\u00e5 nettstedet, for eksempel hvilke sider som er bes\u00f8kt og hvilke s\u00f8k som er utf\u00f8rt. Denne informasjonen gj\u00f8r det mulig for https:\/\/nicepartylife.com\/ \u00e5 forbedre innholdet p\u00e5 nettstedet og brukerens surfeopplevelse.<\/p>\n\n\n\n<p>Informasjonskapsler gj\u00f8r det lettere \u00e5 surfe og\/eller levere tjenester som tilbys av nettstedet, og brukeren kan konfigurere nettleseren slik at han eller hun kan bestemme om han eller hun vil godta dem eller ikke, slik at informasjonskapsler lagres i terminalen eller, tvert imot, avvises, enten systematisk eller avhengig av avsenderen. Brukeren kan ogs\u00e5 konfigurere nettleseren slik at han eller hun fra tid til annen f\u00e5r forslag om \u00e5 godta eller avvise informasjonskapsler, f\u00f8r det er sannsynlig at en informasjonskapsel blir lagret i terminalen. https:\/\/nicepartylife.com\/ informerer brukeren om at i dette tilfellet er det ikke sikkert at alle funksjonene i nettleseren vil v\u00e6re tilgjengelige.<\/p>\n\n\n\n<p>Hvis brukeren nekter \u00e5 tillate lagring av informasjonskapsler p\u00e5 sin terminal eller i sin nettleser, eller hvis brukeren sletter eventuelle informasjonskapsler som er lagret p\u00e5 sin terminal eller i sin nettleser, informeres brukeren om at hans eller hennes surfing og opplevelse p\u00e5 nettstedet kan bli begrenset. Dette kan ogs\u00e5 v\u00e6re tilfelle n\u00e5r https:\/\/nicepartylife.com\/ eller en av dets tjenesteleverand\u00f8rer av tekniske kompatibilitetshensyn ikke kan gjenkjenne hvilken type nettleser som brukes p\u00e5 terminalen, spr\u00e5k- og visningsinnstillinger eller hvilket land terminalen ser ut til \u00e5 v\u00e6re koblet til Internett fra.<\/p>\n\n\n\n<p>https:\/\/nicepartylife.com\/ fraskriver seg alt ansvar for konsekvensene knyttet til redusert drift av nettstedet og eventuelle tjenester som tilbys av https:\/\/nicepartylife.com\/, som f\u00f8lge av (i) at brukeren nekter \u00e5 motta informasjonskapsler (ii) at https:\/\/nicepartylife.com\/ ikke kan registrere eller konsultere informasjonskapslene som er n\u00f8dvendige for driften p\u00e5 grunn av brukerens valg. For \u00e5 h\u00e5ndtere informasjonskapsler og brukerens valg, er konfigurasjonen av hver nettleser forskjellig. Dette er beskrevet i nettleserens hjelpemeny, som vil indikere hvordan brukeren kan endre sine \u00f8nsker med hensyn til informasjonskapsler.<\/p>\n\n\n\n<p>Brukeren kan n\u00e5r som helst velge \u00e5 uttrykke og endre sine \u00f8nsker med hensyn til informasjonskapsler. https:\/\/nicepartylife.com\/ kan ogs\u00e5 benytte seg av tjenester fra eksterne tjenesteleverand\u00f8rer for \u00e5 samle inn og behandle informasjonen som er beskrevet i dette avsnittet.<\/p>\n\n\n\n<p>Til slutt, ved \u00e5 klikke p\u00e5 ikonene dedikert til de sosiale nettverkene Twitter, Facebook, Linkedin og Google Plus som vises p\u00e5 nettstedet https:\/\/nicepartylife.com\/ eller i mobilapplikasjonen, og hvis brukeren har akseptert deponering av informasjonskapsler ved \u00e5 fortsette \u00e5 navigere p\u00e5 nettstedet https:\/\/nicepartylife.com\/ eller mobilapplikasjonen, kan Twitter, Facebook, Linkedin og Google Plus ogs\u00e5 deponere informasjonskapsler p\u00e5 terminalene dine (datamaskin, nettbrett, mobiltelefon).<\/p>\n\n\n\n<p>Artikkel 9.2. INTERNETT-TAGGER<\/p>\n\n\n\n<p>https:\/\/nicepartylife.com\/ kan av og til bruke Internett-tagger (ogs\u00e5 kjent som \"tags\", action tags, single-pixel GIFs, clear GIFs, invisible GIFs og one-to-one GIFs) og distribuere dem via en spesialisert webanalysepartner som kan v\u00e6re lokalisert (og derfor lagre den relevante informasjonen, inkludert brukerens IP-adresse) i et fremmed land.<\/p>\n\n\n\n<p>Disse beacons er plassert b\u00e5de i nettannonsene som gir Internett-brukere tilgang til nettstedet, og p\u00e5 de ulike sidene p\u00e5 nettstedet.<\/p>\n\n\n\n<p>Denne teknologien gj\u00f8r det mulig for https:\/\/nicepartylife.com\/ \u00e5 evaluere de bes\u00f8kendes respons p\u00e5 nettstedet og effektiviteten av dets handlinger (for eksempel antall ganger en side \u00e5pnes og informasjonen som konsulteres), samt brukerens bruk av nettstedet.<\/p>\n\n\n\n<p>Den eksterne tjenesteleverand\u00f8ren kan samle inn informasjon om bes\u00f8kende p\u00e5 nettstedet og andre nettsteder ved hjelp av disse kodene, kompilere rapporter om nettstedets aktivitet for https:\/\/nicepartylife.com\/ og levere andre tjenester knyttet til bruken av nettstedet og Internett.<\/p>\n\n\n\n<ol class=\"wp-block-list\" start=\"10\">\n<li><strong>Gjeldende lov og jurisdiksjon.<\/strong><\/li>\n<\/ol>\n\n\n\n<p>Enhver tvist som oppst\u00e5r i forbindelse med bruk av nettstedet https:\/\/nicepartylife.com\/ er underlagt fransk lov. Med unntak av tilfeller der loven ikke tillater det, er eksklusiv jurisdiksjon gitt til de kompetente domstolene i Nice.<\/p>","protected":false},"excerpt":{"rendered":"<p>Definisjoner Kunde: enhver profesjonell eller kompetent fysisk person i henhold til artikkel 1123 ff. i den franske sivilloven, eller juridisk enhet, som bes\u00f8ker nettstedet som er gjenstand for disse generelle vilk\u00e5rene og betingelsene. Tjenester: https:\/\/nicepartylife.com\/ stiller til r\u00e5dighet for kunder: Innhold: Alle elementer som utgj\u00f8r informasjonen som finnes p\u00e5 nettstedet, spesielt\u2026<\/p>","protected":false},"author":1,"featured_media":0,"parent":0,"menu_order":0,"comment_status":"closed","ping_status":"closed","template":"","meta":{"_kad_blocks_custom_css":"","_kad_blocks_head_custom_js":"","_kad_blocks_body_custom_js":"","_kad_blocks_footer_custom_js":"","_kad_post_transparent":"","_kad_post_title":"","_kad_post_layout":"","_kad_post_sidebar_id":"","_kad_post_content_style":"","_kad_post_vertical_padding":"","_kad_post_feature":"","_kad_post_feature_position":"","_kad_post_header":false,"_kad_post_footer":false,"_kad_post_classname":"","footnotes":""},"class_list":["post-1436","page","type-page","status-publish","hentry"],"taxonomy_info":[],"featured_image_src_large":false,"author_info":{"display_name":"Nice","author_link":"https:\/\/nicepartylife.com\/nb\/author\/nice\/"},"comment_info":0,"_links":{"self":[{"href":"https:\/\/nicepartylife.com\/nb\/wp-json\/wp\/v2\/pages\/1436","targetHints":{"allow":["GET"]}}],"collection":[{"href":"https:\/\/nicepartylife.com\/nb\/wp-json\/wp\/v2\/pages"}],"about":[{"href":"https:\/\/nicepartylife.com\/nb\/wp-json\/wp\/v2\/types\/page"}],"author":[{"embeddable":true,"href":"https:\/\/nicepartylife.com\/nb\/wp-json\/wp\/v2\/users\/1"}],"replies":[{"embeddable":true,"href":"https:\/\/nicepartylife.com\/nb\/wp-json\/wp\/v2\/comments?post=1436"}],"version-history":[{"count":0,"href":"https:\/\/nicepartylife.com\/nb\/wp-json\/wp\/v2\/pages\/1436\/revisions"}],"wp:attachment":[{"href":"https:\/\/nicepartylife.com\/nb\/wp-json\/wp\/v2\/media?parent=1436"}],"curies":[{"name":"wp","href":"https:\/\/api.w.org\/{rel}","templated":true}]}}