{"id":1534,"date":"2024-07-06T12:08:27","date_gmt":"2024-07-06T11:08:27","guid":{"rendered":"https:\/\/nicepartylife.com\/?page_id=1534"},"modified":"2024-07-06T12:08:40","modified_gmt":"2024-07-06T11:08:40","slug":"warunki-uzytkowania","status":"publish","type":"page","link":"https:\/\/nicepartylife.com\/pl\/warunki-uzytkowania\/","title":{"rendered":"Warunki korzystania"},"content":{"rendered":"<p><strong>Warunki korzystania z NICE PARTY LIFE<\/strong><\/p>\n\n\n\n<p>Ostatnia aktualizacja: 06\/07\/2024<\/p>\n\n\n\n<p>Uzyskuj\u0105c dost\u0119p do naszej witryny i korzystaj\u0105c z naszych us\u0142ug, zgadzasz si\u0119 na warunki korzystania okre\u015blone poni\u017cej. Przeczytaj je uwa\u017cnie przed kontynuowaniem przegl\u0105dania lub rezerwacj\u0105 naszych us\u0142ug.<\/p>\n\n\n\n<p><strong>Akceptacja warunk\u00f3w u\u017cytkowania<\/strong><\/p>\n\n\n\n<p>Uzyskuj\u0105c dost\u0119p do witryny Nice Party Life i korzystaj\u0105c z naszych us\u0142ug, akceptujesz, bez ogranicze\u0144 lub zastrze\u017ce\u0144, niniejsze warunki korzystania. Je\u015bli nie zgadzasz si\u0119 z tymi warunkami, prosimy nie korzysta\u0107 z naszej witryny ani us\u0142ug.<\/p>\n\n\n\n<p><strong>Minimalny wymagany wiek<\/strong><\/p>\n\n\n\n<p>Musisz mie\u0107 co najmniej 18 lat, aby uczestniczy\u0107 w naszych wydarzeniach. Rezerwuj\u0105c nasze us\u0142ugi, potwierdzasz, \u017ce jeste\u015b pe\u0142noletni.<\/p>\n\n\n\n<p><strong>Rezerwacja i p\u0142atno\u015b\u0107<\/strong><\/p>\n\n\n\n<p>Rezerwacji na nasze wydarzenia mo\u017cna dokona\u0107 za po\u015brednictwem naszej strony internetowej. P\u0142atno\u015bci musz\u0105 by\u0107 dokonywane zgodnie z instrukcjami podanymi podczas procesu rezerwacji. Stawki i warunki p\u0142atno\u015bci s\u0105 wyra\u017anie wskazane na naszej stronie internetowej. Rezerwacje s\u0105 potwierdzane dopiero po otrzymaniu p\u0142atno\u015bci.<\/p>\n\n\n\n<p><strong>Anulacje i zwroty<\/strong><\/p>\n\n\n\n<p>Rezerwacje bezzwrotne i nieodwo\u0142alne:<\/p>\n\n\n\n<p>Nie podlegaj\u0105ce zwrotowi: Wszystkie rezerwacje dokonane za po\u015brednictwem Nice Party Life s\u0105 uwa\u017cane za nie podlegaj\u0105ce zwrotowi. Po potwierdzeniu rezerwacji nie b\u0119d\u0105 przyznawane \u017cadne zwroty, niezale\u017cnie od przyczyny anulowania.<\/p>\n\n\n\n<p>Nieodwo\u0142ywalno\u015b\u0107: Rezerwacje nie podlegaj\u0105 odwo\u0142aniu. Uczestnicy proszeni s\u0105 o wzi\u0119cie pod uwag\u0119 tej polityki.<\/p>","protected":false},"excerpt":{"rendered":"<p>Warunki korzystania z serwisu NICE PARTY LIFE Ostatnia aktualizacja: 06.07.2024 Odwiedzaj\u0105c nasz\u0105 stron\u0119 i korzystaj\u0105c z naszych us\u0142ug, akceptujesz poni\u017csze warunki korzystania. Prosimy o ich uwa\u017cne przeczytanie przed kontynuowaniem przegl\u0105dania lub rezerwacj\u0105 naszych us\u0142ug. Akceptacja warunk\u00f3w korzystania Odwiedzaj\u0105c stron\u0119 internetow\u0105 Nice Party Life i korzystaj\u0105c z naszych\u2026<\/p>","protected":false},"author":1,"featured_media":0,"parent":0,"menu_order":0,"comment_status":"closed","ping_status":"closed","template":"","meta":{"_kad_blocks_custom_css":"","_kad_blocks_head_custom_js":"","_kad_blocks_body_custom_js":"","_kad_blocks_footer_custom_js":"","_kad_post_transparent":"","_kad_post_title":"","_kad_post_layout":"","_kad_post_sidebar_id":"","_kad_post_content_style":"","_kad_post_vertical_padding":"","_kad_post_feature":"","_kad_post_feature_position":"","_kad_post_header":false,"_kad_post_footer":false,"_kad_post_classname":"","footnotes":""},"class_list":["post-1534","page","type-page","status-publish","hentry"],"taxonomy_info":[],"featured_image_src_large":false,"author_info":{"display_name":"Nice","author_link":"https:\/\/nicepartylife.com\/pl\/author\/nice\/"},"comment_info":0,"_links":{"self":[{"href":"https:\/\/nicepartylife.com\/pl\/wp-json\/wp\/v2\/pages\/1534","targetHints":{"allow":["GET"]}}],"collection":[{"href":"https:\/\/nicepartylife.com\/pl\/wp-json\/wp\/v2\/pages"}],"about":[{"href":"https:\/\/nicepartylife.com\/pl\/wp-json\/wp\/v2\/types\/page"}],"author":[{"embeddable":true,"href":"https:\/\/nicepartylife.com\/pl\/wp-json\/wp\/v2\/users\/1"}],"replies":[{"embeddable":true,"href":"https:\/\/nicepartylife.com\/pl\/wp-json\/wp\/v2\/comments?post=1534"}],"version-history":[{"count":0,"href":"https:\/\/nicepartylife.com\/pl\/wp-json\/wp\/v2\/pages\/1534\/revisions"}],"wp:attachment":[{"href":"https:\/\/nicepartylife.com\/pl\/wp-json\/wp\/v2\/media?parent=1534"}],"curies":[{"name":"wp","href":"https:\/\/api.w.org\/{rel}","templated":true}]}}