{"id":2924,"date":"2025-10-03T17:05:00","date_gmt":"2025-10-03T16:05:00","guid":{"rendered":"https:\/\/nicepartylife.com\/?page_id=2924"},"modified":"2025-10-03T17:05:01","modified_gmt":"2025-10-03T16:05:01","slug":"mapa-witryny","status":"publish","type":"page","link":"https:\/\/nicepartylife.com\/pl\/mapa-witryny\/","title":{"rendered":"Mapa witryny"},"content":{"rendered":"<div class=\"wsp-container\"><h2 class=\"wsp-pages-title\">Strony<\/h2>\n<ul class=\"wsp-pages-list\">\n<li class=\"page_item page-item-1250\"><a href=\"https:\/\/nicepartylife.com\/pl\/o-nas\/\">O nas<\/a><\/li>\n<li class=\"page_item page-item-3272\"><a href=\"https:\/\/nicepartylife.com\/pl\/wypozyczalnia-lodzi-na-francuskiej-riwierze\/\">Wypo\u017cyczalnia \u0142odzi na Lazurowym Wybrze\u017cu<\/a><\/li>\n<li class=\"page_item page-item-1973\"><a href=\"https:\/\/nicepartylife.com\/pl\/wymeldowac-sie\/\">Wymeldowa\u0107 si\u0119<\/a><\/li>\n<li class=\"page_item page-item-3190\"><a href=\"https:\/\/nicepartylife.com\/pl\/kontakt\/\">Kontakt<\/a><\/li>\n<li class=\"page_item page-item-1974\"><a href=\"https:\/\/nicepartylife.com\/pl\/panel-klienta\/\">Panel<\/a><\/li>\n<li class=\"page_item page-item-952\"><a href=\"https:\/\/nicepartylife.com\/pl\/\">Dom<\/a><\/li>\n<li class=\"page_item page-item-1436\"><a href=\"https:\/\/nicepartylife.com\/pl\/wspomina-o-sprawach-prawnych\/\">Informacja prawna<\/a><\/li>\n<li class=\"page_item page-item-946 current_page_parent\"><a href=\"https:\/\/nicepartylife.com\/pl\/blog\/\">Nasz blog o Nicei \u2600\ufe0f<\/a><\/li>\n<li class=\"page_item page-item-1636\"><a href=\"https:\/\/nicepartylife.com\/pl\/pub-crawl-fajny\/\">Pub Crawl w mi\u0142ym stylu<\/a><\/li>\n<li class=\"page_item page-item-1976\"><a href=\"https:\/\/nicepartylife.com\/pl\/sklep\/\">Sklep<\/a><\/li>\n<li class=\"page_item page-item-2924\"><a href=\"https:\/\/nicepartylife.com\/pl\/mapa-witryny\/\">Mapa witryny<\/a><\/li>\n<li class=\"page_item page-item-958\"><a href=\"https:\/\/nicepartylife.com\/pl\/faq-dotyczace-wsparcia\/\">Wsparcie i FAQ<\/a><\/li>\n<li class=\"page_item page-item-1534\"><a href=\"https:\/\/nicepartylife.com\/pl\/warunki-uzytkowania\/\">Warunki korzystania<\/a><\/li>\n<\/ul>\n<h2 class=\"wsp-posts-title\">Posty wed\u0142ug kategorii<\/h2>\n<ul class=\"wsp-posts-list\">\n\t<li><strong class=\"wsp-category-title\">Kategoria: <a href=\"https:\/\/nicepartylife.com\/pl\/kategoria\/impreza\/\">Impreza<\/a><\/strong>\n<ul class=\"wsp-posts-list\">\t\t<li class=\"wsp-post\"><a href=\"https:\/\/nicepartylife.com\/pl\/gdzie-ogladac-mistrzostwa-swiata-w-pilce-noznej-w-nicei\/\">Gdzie ogl\u0105da\u0107 Mistrzostwa \u015awiata FIFA 2026 w Nicei?<\/a><\/li>\n\t\t<li class=\"wsp-post\"><a href=\"https:\/\/nicepartylife.com\/pl\/klub-nocny-nice-francja\/\">7 najlepszych klub\u00f3w nocnych w Nicei we Francji wed\u0142ug gatunku muzycznego \u2013 ranking miejscowych \ud83c\udf19\u00a0<\/a><\/li>\n\t\t<li class=\"wsp-post\"><a href=\"https:\/\/nicepartylife.com\/pl\/najlepsze-wille-w-nicei-we-francji\/\">Najlepsze wille w Nicei we Francji: kompletny przewodnik po okolicy<\/a><\/li>\n\t\t<li class=\"wsp-post\"><a href=\"https:\/\/nicepartylife.com\/pl\/team-building-nicea-francja\/\">5 najlepszych wyj\u0105tkowych aktywno\u015bci team building w Nicei we Francji<\/a><\/li>\n\t\t<li class=\"wsp-post\"><a href=\"https:\/\/nicepartylife.com\/pl\/luksusowe-miejsca-na-wesele-na-francuskiej-riwierze\/\">\u015alub marze\u0144 na Lazurowym Wybrze\u017cu: 12 najlepszych luksusowych miejsc<\/a><\/li>\n\t\t<li class=\"wsp-post\"><a href=\"https:\/\/nicepartylife.com\/pl\/najlepsze-miejsca-z-muzyka-na-zywo-w-nicei-we-francji\/\">Najlepsze miejsca z muzyk\u0105 na \u017cywo w Nicei we Francji: lokalny przewodnik po jazzie, koncertach i \u017cyciu nocnym<\/a><\/li>\n\t\t<li class=\"wsp-post\"><a href=\"https:\/\/nicepartylife.com\/pl\/najlepsza-kawa-w-nicei-we-francji\/\">W poszukiwaniu najlepszej kawy w Nicei we Francji: odkrywanie kawiarni, kawiarni i nie tylko<\/a><\/li>\n\t\t<li class=\"wsp-post\"><a href=\"https:\/\/nicepartylife.com\/pl\/nice-france-sports-bar\/\">Gdzie znale\u017a\u0107 najlepszy bar sportowy w Nicei we Francji: przewodnik dla fan\u00f3w sportu na \u017cywo<\/a><\/li>\n\t\t<li class=\"wsp-post\"><a href=\"https:\/\/nicepartylife.com\/pl\/wynajem-lodzi-w-monako-ze-sternikiem\/\">Wynajmij \u0142\u00f3d\u017a w Monako ze sternikiem: kompletny przewodnik po luksusie i wolno\u015bci<\/a><\/li>\n\t\t<li class=\"wsp-post\"><a href=\"https:\/\/nicepartylife.com\/pl\/wynajem-lodzi-cap-d-ail-ze-sternikiem\/\">Jak wynaj\u0105\u0107 \u0142\u00f3d\u017a w Cap-d&#039;Ail ze sternikiem, aby prze\u017cy\u0107 niezapomniane wra\u017cenia<\/a><\/li>\n\t\t<li class=\"wsp-post\"><a href=\"https:\/\/nicepartylife.com\/pl\/wynajmij-lodz-villefranche-sur-mer-ze-kapitanem\/\">Wynajmij \u0142\u00f3d\u017a w Villefranche-sur-Mer ze sternikiem: odkryj Lazurowe Wybrze\u017ce od strony wody<\/a><\/li>\n\t\t<li class=\"wsp-post\"><a href=\"https:\/\/nicepartylife.com\/pl\/wynajem-lodzi-ze-sternikiem-w-menton\/\">Wynajmij \u0142\u00f3d\u017a w Menton ze sternikiem: stylowe zwiedzanie Lazurowego Wybrze\u017ca<\/a><\/li>\n\t\t<li class=\"wsp-post\"><a href=\"https:\/\/nicepartylife.com\/pl\/pomysly-na-wieczor-panienski-fajne\/\">Pomys\u0142y na wiecz\u00f3r panie\u0144ski w Nicei: Niezwyk\u0142e sposoby na \u015bwi\u0119towanie na Lazurowym Wybrze\u017cu<\/a><\/li>\n\t\t<li class=\"wsp-post\"><a href=\"https:\/\/nicepartylife.com\/pl\/wypozyczalnia-skuterow-w-poblizu-promenady-anglikow\/\">Wypo\u017cyczalnia skuter\u00f3w w pobli\u017cu Promenady Anglik\u00f3w: odkryj Nice\u0119 w stylu i komforcie<\/a><\/li>\n\t\t<li class=\"wsp-post\"><a href=\"https:\/\/nicepartylife.com\/pl\/jak-dojechac-z-ladnego-lotniska-do-centrum-miasta\/\">Jak dosta\u0107 si\u0119 z lotniska w Nicei do centrum miasta: Wszystkie najlepsze opcje<\/a><\/li>\n\t\t<li class=\"wsp-post\"><a href=\"https:\/\/nicepartylife.com\/pl\/letnia-impreza-w-nicei-francja\/\">\ud83c\udf1e Najlepszy przewodnik po imprezach letnich 2025 na Lazurowym Wybrze\u017cu (Nicea i okolice)<\/a><\/li>\n\t\t<li class=\"wsp-post\"><a href=\"https:\/\/nicepartylife.com\/pl\/festiwal-filmowy-w-cannes\/\">Festiwal Filmowy w Cannes 2026: Kompletny przewodnik, filmy i wskaz\u00f3wki<\/a><\/li>\n\t\t<li class=\"wsp-post\"><a href=\"https:\/\/nicepartylife.com\/pl\/ile-dni-w-nicei-we-francji\/\">Ile dni w Nicei we Francji: Zaplanuj idealn\u0105 podr\u00f3\u017c!<\/a><\/li>\n\t\t<li class=\"wsp-post\"><a href=\"https:\/\/nicepartylife.com\/pl\/jarmark-bozonarodzeniowy-nicea-francja\/\">Prze\u017cyj magi\u0119 jarmark\u00f3w bo\u017conarodzeniowych w Nicei we Francji<\/a><\/li>\n\t\t<li class=\"wsp-post\"><a href=\"https:\/\/nicepartylife.com\/pl\/najlepsze-bary-gejowskie-nice-francja\/\">4 najlepsze bary gejowskie w Nicei, najgor\u0119tsze miejsca na imprez\u0119!<\/a><\/li>\n\t\t<li class=\"wsp-post\"><a href=\"https:\/\/nicepartylife.com\/pl\/wieczor-kawalerski-i-panienski-nicea-francja\/\">Przewodnik po mi\u0142ych wydarzeniach dla kawaler\u00f3w i panienek: najlepsze pomys\u0142y na niezapomniane \u015bwi\u0119towanie (2025)<\/a><\/li>\n\t\t<li class=\"wsp-post\"><a href=\"https:\/\/nicepartylife.com\/pl\/halloween-nicea-francja\/\">Halloween 2025 w Nicei: Kompletny przewodnik dla doros\u0142ych i rodzin<\/a><\/li>\n\t\t<li class=\"wsp-post\"><a href=\"https:\/\/nicepartylife.com\/pl\/miasto-nice-francja-dobre-imprezy\/\">Czy miasto Nicea we Francji nadaje si\u0119 na imprez\u0119?<\/a><\/li>\n\t\t<li class=\"wsp-post\"><a href=\"https:\/\/nicepartylife.com\/pl\/zycie-nocne-nicea-francja\/\">\u017bycie nocne w Nicei we Francji: Odkryj najlepsze miejsca, w kt\u00f3rych mieszka\u0144cy Nicei chodz\u0105 na imprez\u0119!<\/a><\/li>\n\t\t<li class=\"wsp-post\"><a href=\"https:\/\/nicepartylife.com\/pl\/jaki-najlepszy-pub-crawl-nice-francja\/\">RECENZJA: Kt\u00f3re bary i puby s\u0105 najlepsze w Nicei we Francji?<\/a><\/li>\n<\/ul><\/li>\n\t<li><strong class=\"wsp-category-title\">Kategoria: <a href=\"https:\/\/nicepartylife.com\/pl\/kategoria\/narciarstwo-w-poblizu-nicei\/\">Jazda na nartach w pobli\u017cu Nicei<\/a><\/strong>\n<ul class=\"wsp-posts-list\">\t\t<li class=\"wsp-post\"><a href=\"https:\/\/nicepartylife.com\/pl\/ktory-osrodek-narciarski-w-nicei\/\">Gdzie pojecha\u0107 na narty z Nicei? Odkryj najlepsze o\u015brodki narciarskie<\/a><\/li>\n<\/ul><\/li>\n\t<li><strong class=\"wsp-category-title\">Kategoria: <a href=\"https:\/\/nicepartylife.com\/pl\/kategoria\/podroz\/\">Podr\u00f3\u017c<\/a><\/strong>\n<ul class=\"wsp-posts-list\">\t\t<li class=\"wsp-post\"><a href=\"https:\/\/nicepartylife.com\/pl\/milo-w-cannes\/\">Z Nicei do Cannes: Jak dotrze\u0107 (wszystkie opcje 2026)<\/a><\/li>\n\t\t<li class=\"wsp-post\"><a href=\"https:\/\/nicepartylife.com\/pl\/karnawal-nicea-francja\/\">Odkryj urok karnawa\u0142u w Nicei we Francji<\/a><\/li>\n\t\t<li class=\"wsp-post\"><a href=\"https:\/\/nicepartylife.com\/pl\/jak-daleko-od-nicei-we-francji\/\">Jak daleko od Nicei we Francji? Kalkulator odleg\u0142o\u015bci do ponad 40 miast<\/a><\/li>\n\t\t<li class=\"wsp-post\"><a href=\"https:\/\/nicepartylife.com\/pl\/ktora-godzina-nicea-francja\/\">Kt\u00f3ra godzina w Nicei, Francja?<\/a><\/li>\n\t\t<li class=\"wsp-post\"><a href=\"https:\/\/nicepartylife.com\/pl\/co-robic-w-nicei\/\">Co robi\u0107 w Nicei? Kompletny przewodnik tematyczny<\/a><\/li>\n\t\t<li class=\"wsp-post\"><a href=\"https:\/\/nicepartylife.com\/pl\/najlepsze-burgery-w-nicei-we-francji\/\">Najlepsze burgery w Nicei: Lokalny przewodnik \ud83c\udf54<\/a><\/li>\n\t\t<li class=\"wsp-post\"><a href=\"https:\/\/nicepartylife.com\/pl\/rzeczy-do-zrobienia-w-nicei-we-francji-w-grudniu\/\">Nicea, Francja w grudniu: Najlepsze atrakcje na Lazurowym Wybrze\u017cu<\/a><\/li>\n\t\t<li class=\"wsp-post\"><a href=\"https:\/\/nicepartylife.com\/pl\/winnice-w-poblizu-nicei-we-francji\/\">Odkrywanie winnic w okolicach Nicei: przewodnik po najlepszych degustacjach wina w regionie<\/a><\/li>\n\t\t<li class=\"wsp-post\"><a href=\"https:\/\/nicepartylife.com\/pl\/mily-miesiac-miodowy-we-francji\/\">Dlaczego warto wybra\u0107 Nice\u0119 we Francji na romantyczn\u0105 podr\u00f3\u017c po\u015blubn\u0105?<\/a><\/li>\n\t\t<li class=\"wsp-post\"><a href=\"https:\/\/nicepartylife.com\/pl\/nicea-francja-w-pazdzierniku\/\">Pa\u017adziernik we Francji, Nicea: \u0142agodny, \u015br\u00f3dziemnomorski wypoczynek<\/a><\/li>\n\t\t<li class=\"wsp-post\"><a href=\"https:\/\/nicepartylife.com\/pl\/ladne-wodospady-we-francji\/\">Odkrywanie ukrytego pi\u0119kna wodospad\u00f3w w Nicei we Francji<\/a><\/li>\n\t\t<li class=\"wsp-post\"><a href=\"https:\/\/nicepartylife.com\/pl\/najlepsze-miejsca-noclegowe-w-nicei-we-francji\/\">\ud83c\udf1e Najlepsze miejsca na nocleg w Nicei we Francji \u2014 przewodnik po najlepszych dzielnicach od wtajemniczonego eksperta<\/a><\/li>\n\t\t<li class=\"wsp-post\"><a href=\"https:\/\/nicepartylife.com\/pl\/najlepsze-noclegi-ze-sniadaniem-w-nicei-we-francji\/\">\ud83c\udf1e Najlepsze noclegi ze \u015bniadaniem w Nicei we Francji \u2013 ranking 5 najlepszych<\/a><\/li>\n\t\t<li class=\"wsp-post\"><a href=\"https:\/\/nicepartylife.com\/pl\/najlepsze-restauracje-stare-miasto-ladne\/\">\ud83e\udd47 Najlepsze restauracje na Starym Mie\u015bcie w Nicei (Vieux Nice): lokalne pere\u0142ki i najlepsze propozycje<\/a><\/li>\n\t\t<li class=\"wsp-post\"><a href=\"https:\/\/nicepartylife.com\/pl\/najlepsze-restauracje-w-nicei\/\">\ud83e\udd47 Najlepsze restauracje w Nicei: Gdzie zje\u015b\u0107 jak miejscowy na Lazurowym Wybrze\u017cu<\/a><\/li>\n\t\t<li class=\"wsp-post\"><a href=\"https:\/\/nicepartylife.com\/pl\/najlepszy-rejs-statkiem-o-zachodzie-slonca\/\">Najlepsze rejsy statkiem o zachodzie s\u0142o\u0144ca w Nicei: wspania\u0142o\u015b\u0107 Lazurowego Wybrze\u017ca<\/a><\/li>\n\t\t<li class=\"wsp-post\"><a href=\"https:\/\/nicepartylife.com\/pl\/najlepsze-przygody-na-skuterach-wodnych-w-nicei\/\">Najlepsze przygody na skuterach wodnych w Nicei: ceny, modele i najlepsze atrakcje<\/a><\/li>\n\t\t<li class=\"wsp-post\"><a href=\"https:\/\/nicepartylife.com\/pl\/romantyczne-rzeczy-do-zrobienia-w-nicei\/\">Romantyczne rzeczy do zrobienia w Nicei: stw\u00f3rz niezapomniane chwile ze swoj\u0105 ukochan\u0105 osob\u0105<\/a><\/li>\n\t\t<li class=\"wsp-post\"><a href=\"https:\/\/nicepartylife.com\/pl\/najlepsze-lodziarnie-fajne\/\">\ud83c\udf66 4 najlepsze lodziarnie do wypr\u00f3bowania w Nicei w 2025 roku<\/a><\/li>\n\t\t<li class=\"wsp-post\"><a href=\"https:\/\/nicepartylife.com\/pl\/gdzie-zjesc-pan-bagnat-w-nicei\/\">Gdzie zje\u015b\u0107 Pan Bagnat w Nicei? 5 autentycznych lokalnych miejsc, kt\u00f3rych musisz spr\u00f3bowa\u0107<\/a><\/li>\n\t\t<li class=\"wsp-post\"><a href=\"https:\/\/nicepartylife.com\/pl\/ladna-lodz-do-wynajecia-ze-sternikiem\/\">Wynajem \u0142odzi ze sternikiem dla 10 os\u00f3b w Nicei \u2013 Prywatny Rejs<\/a><\/li>\n\t\t<li class=\"wsp-post\"><a href=\"https:\/\/nicepartylife.com\/pl\/najlepsze-plaze-nice-francja\/\">Najlepsze pla\u017ce w Nicei we Francji \u2013 uczciwe wybory miejscowych<\/a><\/li>\n\t\t<li class=\"wsp-post\"><a href=\"https:\/\/nicepartylife.com\/pl\/czarter-prywatny-jacht-80m-francuska-riwiera\/\">Czarter prywatnego jachtu 80m na Francuskiej Riwierze: Co warto wiedzie\u0107 o kosztach i APA<\/a><\/li>\n\t\t<li class=\"wsp-post\"><a href=\"https:\/\/nicepartylife.com\/pl\/najlepsze-szkoly-biznesu-nice-francja\/\">Jak wybra\u0107 najlepsz\u0105 szko\u0142\u0119 biznesu w Nicei?<\/a><\/li>\n\t\t<li class=\"wsp-post\"><a href=\"https:\/\/nicepartylife.com\/pl\/wynajem-jachtu-w-nicei-francja\/\">Wynajmij jacht w Nicei we Francji: Twoja idealna przygoda na Morzu \u015ar\u00f3dziemnym<\/a><\/li>\n\t\t<li class=\"wsp-post\"><a href=\"https:\/\/nicepartylife.com\/pl\/wynajem-luksusowych-samochodow-nice-francja\/\">Wynajmij luksusowe samochody w Nicei \u2013 Skontaktuj si\u0119 z nami, aby zarezerwowa\u0107 wymarzon\u0105 przeja\u017cd\u017ck\u0119 ju\u017c dzi\u015b!<\/a><\/li>\n\t\t<li class=\"wsp-post\"><a href=\"https:\/\/nicepartylife.com\/pl\/gdzie-kupic-luksusowe-perfumy-nice-francja\/\">Gdzie kupi\u0107 luksusowe perfumy w Nicei we Francji?<\/a><\/li>\n\t\t<li class=\"wsp-post\"><a href=\"https:\/\/nicepartylife.com\/pl\/jak-dojechac-z-nicei-do-monte-carlo\/\">Jak dosta\u0107 si\u0119 z Nicei we Francji do Monte Carlo?<\/a><\/li>\n\t\t<li class=\"wsp-post\"><a href=\"https:\/\/nicepartylife.com\/pl\/co-zjesc-w-nicei-we-francji\/\">Co zje\u015b\u0107 w Nicei we Francji?<\/a><\/li>\n\t\t<li class=\"wsp-post\"><a href=\"https:\/\/nicepartylife.com\/pl\/jak-dostac-sie-do-nicei-we-francji\/\">Jak dotrze\u0107 do Nicei we Francji?<\/a><\/li>\n\t\t<li class=\"wsp-post\"><a href=\"https:\/\/nicepartylife.com\/pl\/co-robic-w-nicei-kiedy-pada-deszcz\/\">Co robi\u0107 w Nicei, gdy pada deszcz?<\/a><\/li>\n\t\t<li class=\"wsp-post\"><a href=\"https:\/\/nicepartylife.com\/pl\/targ-kwiatowy-cours-saleya\/\">Targ kwiatowy i targ Cours Saleya w Nicei: wyj\u0105tkowe do\u015bwiadczenie<\/a><\/li>\n\t\t<li class=\"wsp-post\"><a href=\"https:\/\/nicepartylife.com\/pl\/nowy-rok-nicea-francja\/\">\u015awi\u0119tuj Nowy Rok w Nicei we Francji<\/a><\/li>\n\t\t<li class=\"wsp-post\"><a href=\"https:\/\/nicepartylife.com\/pl\/jednodniowe-wycieczki-z-nicei\/\">Najlepsze jednodniowe wycieczki z Nicei na niezapomnian\u0105 przygod\u0119 na Lazurowym Wybrze\u017cu<\/a><\/li>\n<\/ul><\/li>\n<\/ul>\n<\/div>","protected":false},"excerpt":{"rendered":"","protected":false},"author":1,"featured_media":0,"parent":0,"menu_order":0,"comment_status":"closed","ping_status":"closed","template":"","meta":{"_kad_blocks_custom_css":"","_kad_blocks_head_custom_js":"","_kad_blocks_body_custom_js":"","_kad_blocks_footer_custom_js":"","_kad_post_transparent":"","_kad_post_title":"","_kad_post_layout":"","_kad_post_sidebar_id":"","_kad_post_content_style":"","_kad_post_vertical_padding":"","_kad_post_feature":"","_kad_post_feature_position":"","_kad_post_header":false,"_kad_post_footer":false,"_kad_post_classname":"","footnotes":""},"class_list":["post-2924","page","type-page","status-publish","hentry"],"taxonomy_info":[],"featured_image_src_large":false,"author_info":{"display_name":"Nice","author_link":"https:\/\/nicepartylife.com\/pl\/author\/nice\/"},"comment_info":0,"_links":{"self":[{"href":"https:\/\/nicepartylife.com\/pl\/wp-json\/wp\/v2\/pages\/2924","targetHints":{"allow":["GET"]}}],"collection":[{"href":"https:\/\/nicepartylife.com\/pl\/wp-json\/wp\/v2\/pages"}],"about":[{"href":"https:\/\/nicepartylife.com\/pl\/wp-json\/wp\/v2\/types\/page"}],"author":[{"embeddable":true,"href":"https:\/\/nicepartylife.com\/pl\/wp-json\/wp\/v2\/users\/1"}],"replies":[{"embeddable":true,"href":"https:\/\/nicepartylife.com\/pl\/wp-json\/wp\/v2\/comments?post=2924"}],"version-history":[{"count":2,"href":"https:\/\/nicepartylife.com\/pl\/wp-json\/wp\/v2\/pages\/2924\/revisions"}],"predecessor-version":[{"id":2926,"href":"https:\/\/nicepartylife.com\/pl\/wp-json\/wp\/v2\/pages\/2924\/revisions\/2926"}],"wp:attachment":[{"href":"https:\/\/nicepartylife.com\/pl\/wp-json\/wp\/v2\/media?parent=2924"}],"curies":[{"name":"wp","href":"https:\/\/api.w.org\/{rel}","templated":true}]}}