{"id":1534,"date":"2024-07-06T12:08:27","date_gmt":"2024-07-06T11:08:27","guid":{"rendered":"https:\/\/nicepartylife.com\/?page_id=1534"},"modified":"2024-07-06T12:08:40","modified_gmt":"2024-07-06T11:08:40","slug":"condicoes-de-utilizacao","status":"publish","type":"page","link":"https:\/\/nicepartylife.com\/pt\/condicoes-de-utilizacao\/","title":{"rendered":"Termos de utiliza\u00e7\u00e3o"},"content":{"rendered":"<p><strong>Condi\u00e7\u00f5es de utiliza\u00e7\u00e3o do NICE PARTY LIFE<\/strong><\/p>\n\n\n\n<p>\u00daltima atualiza\u00e7\u00e3o: 06\/07\/2024<\/p>\n\n\n\n<p>Ao aceder ao nosso site e utilizar os nossos servi\u00e7os, o utilizador concorda com as condi\u00e7\u00f5es de utiliza\u00e7\u00e3o abaixo indicadas. Leia-os atentamente antes de continuar a navegar ou reservar os nossos servi\u00e7os.<\/p>\n\n\n\n<p><strong>Aceita\u00e7\u00e3o das condi\u00e7\u00f5es de utiliza\u00e7\u00e3o<\/strong><\/p>\n\n\n\n<p>Ao aceder ao site Nice Party Life e ao utilizar os nossos servi\u00e7os, o utilizador aceita, sem limita\u00e7\u00e3o ou qualifica\u00e7\u00e3o, estes termos de utiliza\u00e7\u00e3o. Se n\u00e3o concordar com estes termos, por favor n\u00e3o utilize o nosso s\u00edtio ou servi\u00e7os.<\/p>\n\n\n\n<p><strong>Idade m\u00ednima exigida<\/strong><\/p>\n\n\n\n<p>Para participar nos nossos eventos, \u00e9 necess\u00e1rio ter pelo menos 18 anos de idade. Ao reservar os nossos servi\u00e7os, o utilizador confirma que \u00e9 maior de idade.<\/p>\n\n\n\n<p><strong>Reserva e pagamento<\/strong><\/p>\n\n\n\n<p>As reservas para os nossos eventos podem ser efectuadas atrav\u00e9s do nosso s\u00edtio Web. Os pagamentos devem ser efectuados de acordo com as instru\u00e7\u00f5es fornecidas durante o processo de reserva. As tarifas e as condi\u00e7\u00f5es de pagamento est\u00e3o claramente indicadas no nosso s\u00edtio Web. As reservas s\u00f3 s\u00e3o confirmadas ap\u00f3s a rece\u00e7\u00e3o do pagamento.<\/p>\n\n\n\n<p><strong>Cancelamentos e reembolsos<\/strong><\/p>\n\n\n\n<p>Reservas n\u00e3o reembols\u00e1veis e n\u00e3o cancel\u00e1veis:<\/p>\n\n\n\n<p>N\u00e3o reembols\u00e1vel: Todas as reservas efectuadas com o Nice Party Life s\u00e3o consideradas n\u00e3o reembols\u00e1veis. Uma vez confirmada a reserva, n\u00e3o ser\u00e1 efectuado qualquer reembolso, independentemente do motivo do cancelamento.<\/p>\n\n\n\n<p>N\u00e3o cancelabilidade: As reservas n\u00e3o podem ser canceladas. Os participantes s\u00e3o convidados a ter em conta esta pol\u00edtica.<\/p>","protected":false},"excerpt":{"rendered":"<p>Condi\u00e7\u00f5es de utiliza\u00e7\u00e3o de NICE PARTY LIFE \u00daltima atualiza\u00e7\u00e3o: 06\/07\/2024 Ao aceder ao nosso s\u00edtio e utilizar os nossos servi\u00e7os, o utilizador aceita as condi\u00e7\u00f5es de utiliza\u00e7\u00e3o abaixo indicadas. Leia-as atentamente antes de continuar a navegar ou reservar os nossos servi\u00e7os. Aceita\u00e7\u00e3o das condi\u00e7\u00f5es de utiliza\u00e7\u00e3o Ao aceder ao s\u00edtio Nice Party Life e utilizar os nossos servi\u00e7os, o utilizador...<\/p>","protected":false},"author":1,"featured_media":0,"parent":0,"menu_order":0,"comment_status":"closed","ping_status":"closed","template":"","meta":{"_kad_blocks_custom_css":"","_kad_blocks_head_custom_js":"","_kad_blocks_body_custom_js":"","_kad_blocks_footer_custom_js":"","_kad_post_transparent":"","_kad_post_title":"","_kad_post_layout":"","_kad_post_sidebar_id":"","_kad_post_content_style":"","_kad_post_vertical_padding":"","_kad_post_feature":"","_kad_post_feature_position":"","_kad_post_header":false,"_kad_post_footer":false,"_kad_post_classname":"","footnotes":""},"class_list":["post-1534","page","type-page","status-publish","hentry"],"taxonomy_info":[],"featured_image_src_large":false,"author_info":{"display_name":"Nice","author_link":"https:\/\/nicepartylife.com\/pt\/author\/nice\/"},"comment_info":0,"_links":{"self":[{"href":"https:\/\/nicepartylife.com\/pt\/wp-json\/wp\/v2\/pages\/1534","targetHints":{"allow":["GET"]}}],"collection":[{"href":"https:\/\/nicepartylife.com\/pt\/wp-json\/wp\/v2\/pages"}],"about":[{"href":"https:\/\/nicepartylife.com\/pt\/wp-json\/wp\/v2\/types\/page"}],"author":[{"embeddable":true,"href":"https:\/\/nicepartylife.com\/pt\/wp-json\/wp\/v2\/users\/1"}],"replies":[{"embeddable":true,"href":"https:\/\/nicepartylife.com\/pt\/wp-json\/wp\/v2\/comments?post=1534"}],"version-history":[{"count":0,"href":"https:\/\/nicepartylife.com\/pt\/wp-json\/wp\/v2\/pages\/1534\/revisions"}],"wp:attachment":[{"href":"https:\/\/nicepartylife.com\/pt\/wp-json\/wp\/v2\/media?parent=1534"}],"curies":[{"name":"wp","href":"https:\/\/api.w.org\/{rel}","templated":true}]}}