{"id":2924,"date":"2025-10-03T17:05:00","date_gmt":"2025-10-03T16:05:00","guid":{"rendered":"https:\/\/nicepartylife.com\/?page_id=2924"},"modified":"2025-10-03T17:05:01","modified_gmt":"2025-10-03T16:05:01","slug":"mapa-do-site","status":"publish","type":"page","link":"https:\/\/nicepartylife.com\/pt\/mapa-do-site\/","title":{"rendered":"Mapa do site"},"content":{"rendered":"<div class=\"wsp-container\"><h2 class=\"wsp-pages-title\">P\u00e1ginas<\/h2>\n<ul class=\"wsp-pages-list\">\n<li class=\"page_item page-item-1250\"><a href=\"https:\/\/nicepartylife.com\/pt\/sobre-nos\/\">Sobre n\u00f3s<\/a><\/li>\n<li class=\"page_item page-item-3272\"><a href=\"https:\/\/nicepartylife.com\/pt\/aluguel-de-barcos-na-riviera-francesa\/\">Aluguel de barcos na Riviera Francesa<\/a><\/li>\n<li class=\"page_item page-item-1973\"><a href=\"https:\/\/nicepartylife.com\/pt\/checkout\/\">Finalizar a compra<\/a><\/li>\n<li class=\"page_item page-item-3190\"><a href=\"https:\/\/nicepartylife.com\/pt\/contato\/\">Contato<\/a><\/li>\n<li class=\"page_item page-item-1974\"><a href=\"https:\/\/nicepartylife.com\/pt\/painel-de-controlo-do-cliente\/\">Painel de controlo<\/a><\/li>\n<li class=\"page_item page-item-952\"><a href=\"https:\/\/nicepartylife.com\/pt\/\">In\u00edcio<\/a><\/li>\n<li class=\"page_item page-item-1436\"><a href=\"https:\/\/nicepartylife.com\/pt\/mencoes-legais\/\">Aviso legal<\/a><\/li>\n<li class=\"page_item page-item-946 current_page_parent\"><a href=\"https:\/\/nicepartylife.com\/pt\/blogue\/\">Nosso Blog de Nice \u2600\ufe0f<\/a><\/li>\n<li class=\"page_item page-item-1636\"><a href=\"https:\/\/nicepartylife.com\/pt\/pub-crawl-nice\/\">Pub Crawl Nice<\/a><\/li>\n<li class=\"page_item page-item-1976\"><a href=\"https:\/\/nicepartylife.com\/pt\/loja\/\">Loja<\/a><\/li>\n<li class=\"page_item page-item-2924\"><a href=\"https:\/\/nicepartylife.com\/pt\/mapa-do-site\/\">Mapa do site<\/a><\/li>\n<li class=\"page_item page-item-958\"><a href=\"https:\/\/nicepartylife.com\/pt\/faq-de-apoio\/\">Suporte e FAQ<\/a><\/li>\n<li class=\"page_item page-item-1534\"><a href=\"https:\/\/nicepartylife.com\/pt\/condicoes-de-utilizacao\/\">Termos de utiliza\u00e7\u00e3o<\/a><\/li>\n<\/ul>\n<h2 class=\"wsp-posts-title\">Postagens por categoria<\/h2>\n<ul class=\"wsp-posts-list\">\n\t<li><strong class=\"wsp-category-title\">Categoria: <a href=\"https:\/\/nicepartylife.com\/pt\/categoria\/festa\/\">Festa<\/a><\/strong>\n<ul class=\"wsp-posts-list\">\t\t<li class=\"wsp-post\"><a href=\"https:\/\/nicepartylife.com\/pt\/onde-assistir-a-copa-do-mundo-da-fifa-em-nice\/\">Onde assistir aos jogos da Copa do Mundo FIFA 2026 em Nice?<\/a><\/li>\n\t\t<li class=\"wsp-post\"><a href=\"https:\/\/nicepartylife.com\/pt\/boate-nice-franca\/\">Os 7 melhores clubes noturnos de Nice, Fran\u00e7a, por estilo musical \u2013 Ranking de um local \ud83c\udf19\u00a0<\/a><\/li>\n\t\t<li class=\"wsp-post\"><a href=\"https:\/\/nicepartylife.com\/pt\/melhores-casas-de-temporada-em-nice-franca\/\">Melhores Villas em Nice, Fran\u00e7a: Guia Completo do Morador Local<\/a><\/li>\n\t\t<li class=\"wsp-post\"><a href=\"https:\/\/nicepartylife.com\/pt\/atividades-de-team-building-em-nice-franca\/\">5 atividades de team building exclusivas em Nice, Fran\u00e7a<\/a><\/li>\n\t\t<li class=\"wsp-post\"><a href=\"https:\/\/nicepartylife.com\/pt\/locais-de-casamento-de-luxo-na-riviera-francesa\/\">Casamentos dos sonhos na Riviera Francesa: os 12 melhores locais de luxo<\/a><\/li>\n\t\t<li class=\"wsp-post\"><a href=\"https:\/\/nicepartylife.com\/pt\/melhores-locais-de-musica-ao-vivo-em-nice-franca\/\">Os melhores locais de m\u00fasica ao vivo em Nice, Fran\u00e7a: um guia local para jazz, shows e vida noturna<\/a><\/li>\n\t\t<li class=\"wsp-post\"><a href=\"https:\/\/nicepartylife.com\/pt\/melhor-cafe-na-bela-franca\/\">Em busca do melhor caf\u00e9 em Nice, Fran\u00e7a: descobrindo caf\u00e9s, cafeterias e muito mais<\/a><\/li>\n\t\t<li class=\"wsp-post\"><a href=\"https:\/\/nicepartylife.com\/pt\/nice-france-sports-bar\/\">Onde encontrar o melhor bar esportivo em Nice, Fran\u00e7a: um guia para f\u00e3s de esportes ao vivo<\/a><\/li>\n\t\t<li class=\"wsp-post\"><a href=\"https:\/\/nicepartylife.com\/pt\/alugar-barco-monaco-com-capitao\/\">Alugar um barco em M\u00f4naco com Skipper: o guia definitivo para luxo e liberdade<\/a><\/li>\n\t\t<li class=\"wsp-post\"><a href=\"https:\/\/nicepartylife.com\/pt\/alugar-barco-cap-d-ail-com-capitao\/\">Como alugar um barco em Cap-d&#039;Ail com capit\u00e3o para uma experi\u00eancia inesquec\u00edvel<\/a><\/li>\n\t\t<li class=\"wsp-post\"><a href=\"https:\/\/nicepartylife.com\/pt\/alugar-barco-villefranche-sur-mer-com-capitao\/\">Alugue um barco em Villefranche-sur-Mer com capit\u00e3o: descubra a Riviera Francesa a partir da \u00e1gua<\/a><\/li>\n\t\t<li class=\"wsp-post\"><a href=\"https:\/\/nicepartylife.com\/pt\/alugar-barco-menton-skipper\/\">Alugue um barco em Menton com Skipper: explore a Riviera Francesa com estilo<\/a><\/li>\n\t\t<li class=\"wsp-post\"><a href=\"https:\/\/nicepartylife.com\/pt\/ideias-legais-para-despedida-de-solteira\/\">Ideias para despedidas de solteira em Nice: maneiras \u00fanicas de comemorar na Riviera Francesa<\/a><\/li>\n\t\t<li class=\"wsp-post\"><a href=\"https:\/\/nicepartylife.com\/pt\/aluguel-de-scooter-perto-da-promenade-des-anglais\/\">Aluguel de scooters perto do Promenade des Anglais: explore Nice com estilo e conforto<\/a><\/li>\n\t\t<li class=\"wsp-post\"><a href=\"https:\/\/nicepartylife.com\/pt\/como-ir-do-aeroporto-de-nice-ao-centro-da-cidade\/\">Como ir do aeroporto de Nice ao centro da cidade: todas as melhores op\u00e7\u00f5es<\/a><\/li>\n\t\t<li class=\"wsp-post\"><a href=\"https:\/\/nicepartylife.com\/pt\/festa-de-verao-na-franca\/\">\ud83c\udf1e O guia definitivo para festas de ver\u00e3o 2025 na Riviera Francesa (Nice e arredores)<\/a><\/li>\n\t\t<li class=\"wsp-post\"><a href=\"https:\/\/nicepartylife.com\/pt\/festival-de-cinema-de-cannes\/\">Festival de Cannes 2026: Guia completo, filmes e dicas<\/a><\/li>\n\t\t<li class=\"wsp-post\"><a href=\"https:\/\/nicepartylife.com\/pt\/quantos-dias-na-bela-franca\/\">Quantos dias em Nice, Fran\u00e7a: Planejando a viagem perfeita!<\/a><\/li>\n\t\t<li class=\"wsp-post\"><a href=\"https:\/\/nicepartylife.com\/pt\/mercado-de-natal-nice-franca\/\">Experimente a magia dos mercados de Natal em Nice, Fran\u00e7a<\/a><\/li>\n\t\t<li class=\"wsp-post\"><a href=\"https:\/\/nicepartylife.com\/pt\/melhores-bares-gays-nice-franca\/\">Os 4 melhores bares gays de Nice, os lugares mais badalados para festejar!<\/a><\/li>\n\t\t<li class=\"wsp-post\"><a href=\"https:\/\/nicepartylife.com\/pt\/despedida-de-solteiro-e-de-solteira-nice-france\/\">Guia para solteiros e solteiras para eventos agrad\u00e1veis: melhores ideias para uma celebra\u00e7\u00e3o inesquec\u00edvel (2025)<\/a><\/li>\n\t\t<li class=\"wsp-post\"><a href=\"https:\/\/nicepartylife.com\/pt\/halloween-nice-france\/\">Halloween 2025 em Nice: o guia completo para adultos e fam\u00edlias<\/a><\/li>\n\t\t<li class=\"wsp-post\"><a href=\"https:\/\/nicepartylife.com\/pt\/boa-franca-boa-festa\/\">A cidade de Nice, em Fran\u00e7a, \u00e9 adequada para festas?<\/a><\/li>\n\t\t<li class=\"wsp-post\"><a href=\"https:\/\/nicepartylife.com\/pt\/vida-nocturna-nice-franca\/\">Vida nocturna em Nice Fran\u00e7a: Descubra os melhores locais onde os habitantes de Nice se divertem!<\/a><\/li>\n\t\t<li class=\"wsp-post\"><a href=\"https:\/\/nicepartylife.com\/pt\/ranking-dos-melhores-pub-crawl-em-franca\/\">REVIEW : Qual \u00e9 o melhor bar e pub crawl de Nice, Fran\u00e7a?<\/a><\/li>\n<\/ul><\/li>\n\t<li><strong class=\"wsp-category-title\">Categoria: <a href=\"https:\/\/nicepartylife.com\/pt\/categoria\/esquiando-perto-de-nice\/\">Esquiar perto de Nice<\/a><\/strong>\n<ul class=\"wsp-posts-list\">\t\t<li class=\"wsp-post\"><a href=\"https:\/\/nicepartylife.com\/pt\/qual-estacao-de-esqui-de-nice\/\">Onde esquiar de Nice? Descubra os melhores resorts de esqui<\/a><\/li>\n<\/ul><\/li>\n\t<li><strong class=\"wsp-category-title\">Categoria: <a href=\"https:\/\/nicepartylife.com\/pt\/categoria\/viajar\/\">Viagens<\/a><\/strong>\n<ul class=\"wsp-posts-list\">\t\t<li class=\"wsp-post\"><a href=\"https:\/\/nicepartylife.com\/pt\/que-bom-ir-para-cannes\/\">De Nice a Cannes: Como chegar l\u00e1 (Todas as op\u00e7\u00f5es 2026)<\/a><\/li>\n\t\t<li class=\"wsp-post\"><a href=\"https:\/\/nicepartylife.com\/pt\/carnaval-bela-franca\/\">Descubra o charme do Carnaval de Nice na Fran\u00e7a<\/a><\/li>\n\t\t<li class=\"wsp-post\"><a href=\"https:\/\/nicepartylife.com\/pt\/a-que-distancia-fica-nice-franca\/\">Qual a dist\u00e2ncia de Nice, Fran\u00e7a? Calculadora de dist\u00e2ncia para mais de 40 cidades<\/a><\/li>\n\t\t<li class=\"wsp-post\"><a href=\"https:\/\/nicepartylife.com\/pt\/que-horas-sao-em-nice-franca\/\">Que horas s\u00e3o em Nice, Fran\u00e7a?<\/a><\/li>\n\t\t<li class=\"wsp-post\"><a href=\"https:\/\/nicepartylife.com\/pt\/o-que-fazer-em-nice\/\">O que fazer em Nice? Guia completo por tema<\/a><\/li>\n\t\t<li class=\"wsp-post\"><a href=\"https:\/\/nicepartylife.com\/pt\/melhores-hamburgueres-de-nice-franca\/\">Os melhores hamb\u00fargueres de Nice: Guia local \ud83c\udf54<\/a><\/li>\n\t\t<li class=\"wsp-post\"><a href=\"https:\/\/nicepartylife.com\/pt\/coisas-para-fazer-em-nice-franca-dezembro\/\">Nice, Fran\u00e7a em dezembro: as melhores coisas para fazer na Riviera Francesa<\/a><\/li>\n\t\t<li class=\"wsp-post\"><a href=\"https:\/\/nicepartylife.com\/pt\/vinhedos-perto-de-nice-franca\/\">Explorando vinhedos perto de Nice: um guia para as melhores experi\u00eancias vin\u00edcolas da regi\u00e3o<\/a><\/li>\n\t\t<li class=\"wsp-post\"><a href=\"https:\/\/nicepartylife.com\/pt\/bela-lua-de-mel-na-franca\/\">Por que escolher Nice, Fran\u00e7a, para uma viagem rom\u00e2ntica de lua de mel?<\/a><\/li>\n\t\t<li class=\"wsp-post\"><a href=\"https:\/\/nicepartylife.com\/pt\/bela-franca-em-outubro\/\">Nice, Fran\u00e7a, em outubro: uma escapada tranquila pelo Mediterr\u00e2neo<\/a><\/li>\n\t\t<li class=\"wsp-post\"><a href=\"https:\/\/nicepartylife.com\/pt\/belas-cachoeiras-da-franca\/\">Descobrindo a beleza escondida das cachoeiras de Nice, Fran\u00e7a<\/a><\/li>\n\t\t<li class=\"wsp-post\"><a href=\"https:\/\/nicepartylife.com\/pt\/melhores-lugares-para-ficar-na-bela-franca\/\">\ud83c\udf1e Melhores lugares para ficar em Nice, Fran\u00e7a \u2014 Um guia privilegiado para os melhores bairros<\/a><\/li>\n\t\t<li class=\"wsp-post\"><a href=\"https:\/\/nicepartylife.com\/pt\/melhores-pousadas-em-nice-franca\/\">\ud83c\udf1e Melhores Bed &amp; Breakfasts em Nice, Fran\u00e7a \u2013 Ranking Top 5<\/a><\/li>\n\t\t<li class=\"wsp-post\"><a href=\"https:\/\/nicepartylife.com\/pt\/melhores-restaurantes-cidade-velha-nice\/\">\ud83e\udd47 Os melhores restaurantes no centro hist\u00f3rico de Nice (Vieux Nice): joias locais e as melhores escolhas<\/a><\/li>\n\t\t<li class=\"wsp-post\"><a href=\"https:\/\/nicepartylife.com\/pt\/melhores-restaurantes-em-nice\/\">\ud83e\udd47 Melhores restaurantes em Nice: onde comer como um morador local na Riviera Francesa<\/a><\/li>\n\t\t<li class=\"wsp-post\"><a href=\"https:\/\/nicepartylife.com\/pt\/melhor-passeio-de-barco-ao-por-do-sol\/\">As melhores experi\u00eancias de cruzeiro ao p\u00f4r do sol em Nice: esplendor na Riviera Francesa<\/a><\/li>\n\t\t<li class=\"wsp-post\"><a href=\"https:\/\/nicepartylife.com\/pt\/melhores-aventuras-de-jet-ski-em-nice\/\">As melhores aventuras de jet ski em Nice: pre\u00e7os, modelos e melhores experi\u00eancias<\/a><\/li>\n\t\t<li class=\"wsp-post\"><a href=\"https:\/\/nicepartylife.com\/pt\/coisas-romanticas-para-fazer-em-nice\/\">Coisas rom\u00e2nticas para fazer em Nice: crie momentos inesquec\u00edveis com a pessoa amada<\/a><\/li>\n\t\t<li class=\"wsp-post\"><a href=\"https:\/\/nicepartylife.com\/pt\/melhores-sorveterias-legais\/\">\ud83c\udf66 As 4 melhores sorveterias para conhecer em Nice em 2025<\/a><\/li>\n\t\t<li class=\"wsp-post\"><a href=\"https:\/\/nicepartylife.com\/pt\/onde-comer-pan-bagnat-em-nice\/\">Onde comer Pan Bagnat em Nice? 5 lugares aut\u00eanticos que voc\u00ea precisa conhecer<\/a><\/li>\n\t\t<li class=\"wsp-post\"><a href=\"https:\/\/nicepartylife.com\/pt\/aluguel-de-barco-agradavel-com-capitao\/\">Aluguel de barco com capit\u00e3o para 10 pessoas em Nice \u2013 Experi\u00eancia de cruzeiro privado<\/a><\/li>\n\t\t<li class=\"wsp-post\"><a href=\"https:\/\/nicepartylife.com\/pt\/melhores-praias-de-nice-franca\/\">As melhores praias de Nice, Fran\u00e7a \u2013 Escolhas honestas de um morador local<\/a><\/li>\n\t\t<li class=\"wsp-post\"><a href=\"https:\/\/nicepartylife.com\/pt\/iate-privado-de-80-m-na-riviera-francesa\/\">Alugar um iate particular de 80 m na Riviera Francesa: o que saber sobre custos e APA<\/a><\/li>\n\t\t<li class=\"wsp-post\"><a href=\"https:\/\/nicepartylife.com\/pt\/melhores-escolas-de-negocios-em-nice-franca\/\">Como escolher a melhor escola de neg\u00f3cios em Nice?<\/a><\/li>\n\t\t<li class=\"wsp-post\"><a href=\"https:\/\/nicepartylife.com\/pt\/alugar-um-iate-em-nice-franca\/\">Alugue um iate em Nice, Fran\u00e7a: sua aventura perfeita no Mediterr\u00e2neo<\/a><\/li>\n\t\t<li class=\"wsp-post\"><a href=\"https:\/\/nicepartylife.com\/pt\/alugar-carro-de-luxo-nice-franca\/\">Aluguel de carros de luxo em Nice \u2013 Entre em contato conosco para reservar o passeio dos seus sonhos hoje mesmo!<\/a><\/li>\n\t\t<li class=\"wsp-post\"><a href=\"https:\/\/nicepartylife.com\/pt\/onde-comprar-perfumes-de-luxo-em-nice-franca\/\">Onde comprar perfumes de luxo em Nice, Fran\u00e7a?<\/a><\/li>\n\t\t<li class=\"wsp-post\"><a href=\"https:\/\/nicepartylife.com\/pt\/como-ir-de-nice-para-monte-carlo\/\">Como ir de Nice, Fran\u00e7a para Monte Carlo?<\/a><\/li>\n\t\t<li class=\"wsp-post\"><a href=\"https:\/\/nicepartylife.com\/pt\/o-que-comer-em-nice-franca\/\">O que comer em Nice, Fran\u00e7a?<\/a><\/li>\n\t\t<li class=\"wsp-post\"><a href=\"https:\/\/nicepartylife.com\/pt\/como-chegar-a-nice-franca\/\">Como chegar a Nice, Fran\u00e7a?<\/a><\/li>\n\t\t<li class=\"wsp-post\"><a href=\"https:\/\/nicepartylife.com\/pt\/o-que-fazer-em-nice-quando-chove\/\">O que fazer em Nice quando chove?<\/a><\/li>\n\t\t<li class=\"wsp-post\"><a href=\"https:\/\/nicepartylife.com\/pt\/mercado-de-flores-cours-saleya\/\">Mercado das Flores e Mercado Cours Saleya em Nice: Uma Experi\u00eancia \u00danica<\/a><\/li>\n\t\t<li class=\"wsp-post\"><a href=\"https:\/\/nicepartylife.com\/pt\/ano-novo-linda-franca\/\">Comemore o ano novo em Nice, Fran\u00e7a<\/a><\/li>\n\t\t<li class=\"wsp-post\"><a href=\"https:\/\/nicepartylife.com\/pt\/viagens-de-um-dia-a-partir-de-nice\/\">Os melhores passeios de um dia a partir de Nice para uma aventura inesquec\u00edvel na C\u00f4te d'Azur<\/a><\/li>\n<\/ul><\/li>\n<\/ul>\n<\/div>","protected":false},"excerpt":{"rendered":"","protected":false},"author":1,"featured_media":0,"parent":0,"menu_order":0,"comment_status":"closed","ping_status":"closed","template":"","meta":{"_kad_blocks_custom_css":"","_kad_blocks_head_custom_js":"","_kad_blocks_body_custom_js":"","_kad_blocks_footer_custom_js":"","_kad_post_transparent":"","_kad_post_title":"","_kad_post_layout":"","_kad_post_sidebar_id":"","_kad_post_content_style":"","_kad_post_vertical_padding":"","_kad_post_feature":"","_kad_post_feature_position":"","_kad_post_header":false,"_kad_post_footer":false,"_kad_post_classname":"","footnotes":""},"class_list":["post-2924","page","type-page","status-publish","hentry"],"taxonomy_info":[],"featured_image_src_large":false,"author_info":{"display_name":"Nice","author_link":"https:\/\/nicepartylife.com\/pt\/author\/nice\/"},"comment_info":0,"_links":{"self":[{"href":"https:\/\/nicepartylife.com\/pt\/wp-json\/wp\/v2\/pages\/2924","targetHints":{"allow":["GET"]}}],"collection":[{"href":"https:\/\/nicepartylife.com\/pt\/wp-json\/wp\/v2\/pages"}],"about":[{"href":"https:\/\/nicepartylife.com\/pt\/wp-json\/wp\/v2\/types\/page"}],"author":[{"embeddable":true,"href":"https:\/\/nicepartylife.com\/pt\/wp-json\/wp\/v2\/users\/1"}],"replies":[{"embeddable":true,"href":"https:\/\/nicepartylife.com\/pt\/wp-json\/wp\/v2\/comments?post=2924"}],"version-history":[{"count":2,"href":"https:\/\/nicepartylife.com\/pt\/wp-json\/wp\/v2\/pages\/2924\/revisions"}],"predecessor-version":[{"id":2926,"href":"https:\/\/nicepartylife.com\/pt\/wp-json\/wp\/v2\/pages\/2924\/revisions\/2926"}],"wp:attachment":[{"href":"https:\/\/nicepartylife.com\/pt\/wp-json\/wp\/v2\/media?parent=2924"}],"curies":[{"name":"wp","href":"https:\/\/api.w.org\/{rel}","templated":true}]}}