{"id":2924,"date":"2025-10-03T17:05:00","date_gmt":"2025-10-03T16:05:00","guid":{"rendered":"https:\/\/nicepartylife.com\/?page_id=2924"},"modified":"2025-10-03T17:05:01","modified_gmt":"2025-10-03T16:05:01","slug":"webbplatskarta","status":"publish","type":"page","link":"https:\/\/nicepartylife.com\/sv\/webbplatskarta\/","title":{"rendered":"Webbplatskarta"},"content":{"rendered":"<div class=\"wsp-container\"><h2 class=\"wsp-pages-title\">Sidor<\/h2>\n<ul class=\"wsp-pages-list\">\n<li class=\"page_item page-item-1250\"><a href=\"https:\/\/nicepartylife.com\/sv\/om-oss\/\">Om oss<\/a><\/li>\n<li class=\"page_item page-item-3272\"><a href=\"https:\/\/nicepartylife.com\/sv\/batuthyrning-franska-rivieran\/\">B\u00e5tuthyrning Franska Rivieran<\/a><\/li>\n<li class=\"page_item page-item-1973\"><a href=\"https:\/\/nicepartylife.com\/sv\/kassan\/\">Checka ut<\/a><\/li>\n<li class=\"page_item page-item-3190\"><a href=\"https:\/\/nicepartylife.com\/sv\/kontakta\/\">Kontakta<\/a><\/li>\n<li class=\"page_item page-item-1974\"><a href=\"https:\/\/nicepartylife.com\/sv\/kontrollpanel-for-kunder\/\">Instrumentpanel<\/a><\/li>\n<li class=\"page_item page-item-952\"><a href=\"https:\/\/nicepartylife.com\/sv\/\">Hem<\/a><\/li>\n<li class=\"page_item page-item-1436\"><a href=\"https:\/\/nicepartylife.com\/sv\/juridiska-anmarkningar\/\">Juridiskt meddelande<\/a><\/li>\n<li class=\"page_item page-item-946 current_page_parent\"><a href=\"https:\/\/nicepartylife.com\/sv\/blogg\/\">V\u00e5r trevliga blogg \u2600\ufe0f<\/a><\/li>\n<li class=\"page_item page-item-1636\"><a href=\"https:\/\/nicepartylife.com\/sv\/pubrunda-trevligt\/\">Pub Crawl Nice<\/a><\/li>\n<li class=\"page_item page-item-1976\"><a href=\"https:\/\/nicepartylife.com\/sv\/butik\/\">Butik<\/a><\/li>\n<li class=\"page_item page-item-2924\"><a href=\"https:\/\/nicepartylife.com\/sv\/webbplatskarta\/\">Webbplatskarta<\/a><\/li>\n<li class=\"page_item page-item-958\"><a href=\"https:\/\/nicepartylife.com\/sv\/support-fragor\/\">Support &amp; Vanliga fr\u00e5gor<\/a><\/li>\n<li class=\"page_item page-item-1534\"><a href=\"https:\/\/nicepartylife.com\/sv\/villkor-dutilisering\/\">Villkor f\u00f6r anv\u00e4ndning<\/a><\/li>\n<\/ul>\n<h2 class=\"wsp-posts-title\">Inl\u00e4gg per kategori<\/h2>\n<ul class=\"wsp-posts-list\">\n\t<li><strong class=\"wsp-category-title\">Kategori: <a href=\"https:\/\/nicepartylife.com\/sv\/kategori\/parti\/\">Partiet<\/a><\/strong>\n<ul class=\"wsp-posts-list\">\t\t<li class=\"wsp-post\"><a href=\"https:\/\/nicepartylife.com\/sv\/vart-tittar-man-pa-fifa-world-cup-pa-ett-bra-satt\/\">Var kan man titta p\u00e5 fotbolls-VM 2026 i Nice?<\/a><\/li>\n\t\t<li class=\"wsp-post\"><a href=\"https:\/\/nicepartylife.com\/sv\/nattklubb-trevligt-frankrike\/\">Topp 7 b\u00e4sta nattklubbarna i Nice, Frankrike efter musikstil \u2013 En lokalinv\u00e5nares ranking \ud83c\udf19\u00a0<\/a><\/li>\n\t\t<li class=\"wsp-post\"><a href=\"https:\/\/nicepartylife.com\/sv\/basta-villorna-i-nice-frankrike\/\">B\u00e4sta villorna i Nice, Frankrike: Komplett lokalguide<\/a><\/li>\n\t\t<li class=\"wsp-post\"><a href=\"https:\/\/nicepartylife.com\/sv\/teambuilding-i-nice-frankrike\/\">Topp 5 unika teambuilding-aktiviteter i Nice, Frankrike<\/a><\/li>\n\t\t<li class=\"wsp-post\"><a href=\"https:\/\/nicepartylife.com\/sv\/lyxiga-brollopslokaler-franska-rivieran\/\">Dr\u00f6mbr\u00f6llop p\u00e5 Franska Rivieran: Topp 12 lyxiga platser<\/a><\/li>\n\t\t<li class=\"wsp-post\"><a href=\"https:\/\/nicepartylife.com\/sv\/basta-livemusikstallena-i-nice-frankrike\/\">De b\u00e4sta livemusikst\u00e4llena i Nice, Frankrike: En lokal guide till jazz, konserter och nattliv<\/a><\/li>\n\t\t<li class=\"wsp-post\"><a href=\"https:\/\/nicepartylife.com\/sv\/basta-kaffet-i-nice-frankrike\/\">Jakten p\u00e5 det b\u00e4sta kaffet i Nice, Frankrike: uppt\u00e4ck kaf\u00e9er, kaf\u00e9er och mer<\/a><\/li>\n\t\t<li class=\"wsp-post\"><a href=\"https:\/\/nicepartylife.com\/sv\/trevlig-frankrike-sportbar\/\">Var man hittar den b\u00e4sta sportbaren i Nice, Frankrike: en guide f\u00f6r livesportfans<\/a><\/li>\n\t\t<li class=\"wsp-post\"><a href=\"https:\/\/nicepartylife.com\/sv\/hyr-bat-monaco-med-skeppare\/\">Hyr en b\u00e5t i Monaco med skeppare: Den ultimata guiden till lyx och frihet<\/a><\/li>\n\t\t<li class=\"wsp-post\"><a href=\"https:\/\/nicepartylife.com\/sv\/hyr-bat-i-cap-dail-med-skeppare\/\">Hur man hyr en b\u00e5t i Cap-d&#039;Ail med skeppare f\u00f6r en of\u00f6rgl\u00f6mlig upplevelse<\/a><\/li>\n\t\t<li class=\"wsp-post\"><a href=\"https:\/\/nicepartylife.com\/sv\/hyr-bat-villefranche-sur-mer-med-skeppare\/\">Hyr en b\u00e5t i Villefranche-sur-Mer med skeppare: Uppt\u00e4ck den franska rivieran fr\u00e5n vattnet<\/a><\/li>\n\t\t<li class=\"wsp-post\"><a href=\"https:\/\/nicepartylife.com\/sv\/hyra-bat-menton-skeppare\/\">Hyr en b\u00e5t i Menton med skeppare: Utforska den franska rivieran med stil<\/a><\/li>\n\t\t<li class=\"wsp-post\"><a href=\"https:\/\/nicepartylife.com\/sv\/trevliga-ideer-till-mohippa\/\">Id\u00e9er f\u00f6r m\u00f6hippa i Nice: Unika s\u00e4tt att fira p\u00e5 Franska Rivieran<\/a><\/li>\n\t\t<li class=\"wsp-post\"><a href=\"https:\/\/nicepartylife.com\/sv\/skoteruthyrning-nara-promenade-des-anglais\/\">Scooteruthyrning n\u00e4ra Promenade des Anglais: utforska Nice med stil och komfort<\/a><\/li>\n\t\t<li class=\"wsp-post\"><a href=\"https:\/\/nicepartylife.com\/sv\/hur-man-tar-sig-till-stadens-centrum-med-en-trevlig-flygplats\/\">Hur man tar sig fr\u00e5n Nice flygplats till stadens centrum: Alla de b\u00e4sta alternativen<\/a><\/li>\n\t\t<li class=\"wsp-post\"><a href=\"https:\/\/nicepartylife.com\/sv\/sommarfest-trevligt-frankrike\/\">\ud83c\udf1e Den ultimata sommarfestguiden 2025 p\u00e5 Franska Rivieran (Nice med omnejd)<\/a><\/li>\n\t\t<li class=\"wsp-post\"><a href=\"https:\/\/nicepartylife.com\/sv\/filmfestivalen-i-cannes\/\">Filmfestivalen i Cannes 2026: Komplett guide, filmer och tips<\/a><\/li>\n\t\t<li class=\"wsp-post\"><a href=\"https:\/\/nicepartylife.com\/sv\/hur-manga-dagar-fina-frankrike\/\">Hur m\u00e5nga dagar i Nice, Frankrike: Planera den perfekta resan!<\/a><\/li>\n\t\t<li class=\"wsp-post\"><a href=\"https:\/\/nicepartylife.com\/sv\/julmarknad-trevligt-frankrike\/\">Upplev julmarknadernas magi i Nice, Frankrike<\/a><\/li>\n\t\t<li class=\"wsp-post\"><a href=\"https:\/\/nicepartylife.com\/sv\/basta-gaybarerna-fina-frankrike\/\">Topp 4 b\u00e4sta gaybarerna i Nice, de hetaste platserna att festa p\u00e5!<\/a><\/li>\n\t\t<li class=\"wsp-post\"><a href=\"https:\/\/nicepartylife.com\/sv\/svensexa-och-mohippa-trevligt-frankrike\/\">Bachelor and Bachelorette Guide to Nice Events: Best Ideas for Unforgettable Celebration (2025)<\/a><\/li>\n\t\t<li class=\"wsp-post\"><a href=\"https:\/\/nicepartylife.com\/sv\/halloween-trevlig-frankrike\/\">Halloween 2025 i Nice: Den kompletta guiden f\u00f6r vuxna och familjer<\/a><\/li>\n\t\t<li class=\"wsp-post\"><a href=\"https:\/\/nicepartylife.com\/sv\/trevliga-frankrike-bra-fest\/\">\u00c4r staden Nice i Frankrike l\u00e4mplig f\u00f6r festande?<\/a><\/li>\n\t\t<li class=\"wsp-post\"><a href=\"https:\/\/nicepartylife.com\/sv\/nattliv-trevligt-frankrike\/\">Nattliv i Nice Frankrike : Uppt\u00e4ck de b\u00e4sta platserna d\u00e4r folket i Nice g\u00e5r f\u00f6r att festa !<\/a><\/li>\n\t\t<li class=\"wsp-post\"><a href=\"https:\/\/nicepartylife.com\/sv\/vilken-basta-pub-crawl-trevlig-frankrike\/\">REVIEW : Vilken \u00e4r den b\u00e4sta baren och pubrundan i Nice Frankrike ?<\/a><\/li>\n<\/ul><\/li>\n\t<li><strong class=\"wsp-category-title\">Kategori: <a href=\"https:\/\/nicepartylife.com\/sv\/kategori\/skidakning-nara-trevligt\/\">Skid\u00e5kning n\u00e4ra Nice<\/a><\/strong>\n<ul class=\"wsp-posts-list\">\t\t<li class=\"wsp-post\"><a href=\"https:\/\/nicepartylife.com\/sv\/vilken-skidort-fran-nice\/\">Vart ska man \u00e5ka skidor fr\u00e5n Nice? Uppt\u00e4ck de b\u00e4sta skidorterna<\/a><\/li>\n<\/ul><\/li>\n\t<li><strong class=\"wsp-category-title\">Kategori: <a href=\"https:\/\/nicepartylife.com\/sv\/kategori\/resa\/\">Resa<\/a><\/strong>\n<ul class=\"wsp-posts-list\">\t\t<li class=\"wsp-post\"><a href=\"https:\/\/nicepartylife.com\/sv\/trevligt-att-cannes\/\">Nice till Cannes: Hur man tar sig dit (alla alternativ 2026)<\/a><\/li>\n\t\t<li class=\"wsp-post\"><a href=\"https:\/\/nicepartylife.com\/sv\/karneval-fina-frankrike\/\">Uppt\u00e4ck charmen med Nice Carnival i Frankrike<\/a><\/li>\n\t\t<li class=\"wsp-post\"><a href=\"https:\/\/nicepartylife.com\/sv\/hur-langt-fran-nice-frankrike\/\">Hur l\u00e5ngt fr\u00e5n Nice, Frankrike? Avst\u00e5ndskalkylator till 40+ st\u00e4der<\/a><\/li>\n\t\t<li class=\"wsp-post\"><a href=\"https:\/\/nicepartylife.com\/sv\/vilken-tid-i-fina-frankrike\/\">Vilken tid \u00e4r det i Nice, Frankrike?<\/a><\/li>\n\t\t<li class=\"wsp-post\"><a href=\"https:\/\/nicepartylife.com\/sv\/vad-man-ska-gora-i-nice\/\">Vad man kan g\u00f6ra i Nice? Komplett guide efter tema<\/a><\/li>\n\t\t<li class=\"wsp-post\"><a href=\"https:\/\/nicepartylife.com\/sv\/basta-hamburgarna-trevliga-frankrike\/\">B\u00e4sta hamburgarna i Nice: Lokal guide \ud83c\udf54<\/a><\/li>\n\t\t<li class=\"wsp-post\"><a href=\"https:\/\/nicepartylife.com\/sv\/saker-att-gora-i-nice-frankrike-i-december\/\">Nice, Frankrike i december: B\u00e4sta sakerna att g\u00f6ra p\u00e5 Franska Rivieran<\/a><\/li>\n\t\t<li class=\"wsp-post\"><a href=\"https:\/\/nicepartylife.com\/sv\/vingardar-nara-nice-frankrike\/\">Utforska ving\u00e5rdar n\u00e4ra Nice: en guide till regionens b\u00e4sta vinupplevelser<\/a><\/li>\n\t\t<li class=\"wsp-post\"><a href=\"https:\/\/nicepartylife.com\/sv\/trevlig-smekmanad-i-frankrike\/\">Varf\u00f6r v\u00e4lja Nice i Frankrike f\u00f6r en romantisk smekm\u00e5nadsresa?<\/a><\/li>\n\t\t<li class=\"wsp-post\"><a href=\"https:\/\/nicepartylife.com\/sv\/trevliga-frankrike-i-oktober\/\">Nice Frankrike i oktober: en mild Medelhavsflykt<\/a><\/li>\n\t\t<li class=\"wsp-post\"><a href=\"https:\/\/nicepartylife.com\/sv\/fina-frankrike-vattenfall\/\">Uppt\u00e4ck den dolda sk\u00f6nheten i Nice vattenfall i Frankrike<\/a><\/li>\n\t\t<li class=\"wsp-post\"><a href=\"https:\/\/nicepartylife.com\/sv\/basta-stallena-att-bo-i-nice-frankrike\/\">\ud83c\udf1e Toppboenden i Nice, Frankrike \u2014 En insiderguide till de b\u00e4sta stadsdelarna<\/a><\/li>\n\t\t<li class=\"wsp-post\"><a href=\"https:\/\/nicepartylife.com\/sv\/basta-bed-breakfasts-i-nice-frankrike\/\">\ud83c\udf1e B\u00e4sta Bed &amp; Breakfasts i Nice, Frankrike \u2013 Topp 5 ranking<\/a><\/li>\n\t\t<li class=\"wsp-post\"><a href=\"https:\/\/nicepartylife.com\/sv\/basta-restaurangerna-gamla-stan-nice\/\">\ud83e\udd47 De b\u00e4sta restaurangerna i Gamla stan i Nice (Vieux Nice): Lokala p\u00e4rlor och toppval<\/a><\/li>\n\t\t<li class=\"wsp-post\"><a href=\"https:\/\/nicepartylife.com\/sv\/basta-restaurangerna-i-nice\/\">\ud83e\udd47 B\u00e4sta restaurangerna i Nice: Var man kan \u00e4ta som en lokalinv\u00e5nare p\u00e5 Franska Rivieran<\/a><\/li>\n\t\t<li class=\"wsp-post\"><a href=\"https:\/\/nicepartylife.com\/sv\/basta-solnedgangsbatskryssning\/\">De b\u00e4sta solnedg\u00e5ngsb\u00e5tkryssningsupplevelserna i Nice: prakt p\u00e5 Franska Rivieran<\/a><\/li>\n\t\t<li class=\"wsp-post\"><a href=\"https:\/\/nicepartylife.com\/sv\/basta-vattenskoteraventyren-i-nice\/\">De b\u00e4sta vattenskoter\u00e4ventyren i Nice: Priser, modeller och toppupplevelser<\/a><\/li>\n\t\t<li class=\"wsp-post\"><a href=\"https:\/\/nicepartylife.com\/sv\/romantiska-saker-att-gora-i-nice\/\">Romantiska saker att g\u00f6ra i Nice: skapa of\u00f6rgl\u00f6mliga stunder med din \u00e4lskade<\/a><\/li>\n\t\t<li class=\"wsp-post\"><a href=\"https:\/\/nicepartylife.com\/sv\/basta-glassbutikerna-i-bra-skick\/\">\ud83c\udf66 Topp 4 glassbarer att prova i Nice \u00e5r 2025<\/a><\/li>\n\t\t<li class=\"wsp-post\"><a href=\"https:\/\/nicepartylife.com\/sv\/var-man-kan-ata-pan-bagnat-i-nice\/\">Var kan man \u00e4ta Pan Bagnat i Nice? 5 autentiska lokala st\u00e4llen du m\u00e5ste prova<\/a><\/li>\n\t\t<li class=\"wsp-post\"><a href=\"https:\/\/nicepartylife.com\/sv\/trevlig-batuthyrning-med-skeppare\/\">B\u00e5tuthyrning med skeppare f\u00f6r 10 personer i Nice \u2013 Privat kryssningsupplevelse<\/a><\/li>\n\t\t<li class=\"wsp-post\"><a href=\"https:\/\/nicepartylife.com\/sv\/basta-stranderna-nice-frankrike\/\">B\u00e4sta str\u00e4nderna i Nice, Frankrike \u2013 En lokalinv\u00e5nares \u00e4rliga val<\/a><\/li>\n\t\t<li class=\"wsp-post\"><a href=\"https:\/\/nicepartylife.com\/sv\/charter-privat-80m-yacht-franska-rivieran\/\">Chartera en privat 80 meter l\u00e5ng yacht p\u00e5 Franska Rivieran: Vad du b\u00f6r veta om kostnader och APA<\/a><\/li>\n\t\t<li class=\"wsp-post\"><a href=\"https:\/\/nicepartylife.com\/sv\/basta-handelshogskolorna-fina-frankrike\/\">Hur v\u00e4ljer man den b\u00e4sta handelsskolan i Nice?<\/a><\/li>\n\t\t<li class=\"wsp-post\"><a href=\"https:\/\/nicepartylife.com\/sv\/hyr-en-yacht-i-fina-frankrike\/\">Hyr en yacht i Nice, Frankrike: ditt perfekta Medelhavs\u00e4ventyr<\/a><\/li>\n\t\t<li class=\"wsp-post\"><a href=\"https:\/\/nicepartylife.com\/sv\/hyra-lyxbil-trevligt-frankrike\/\">Hyr lyxbilar i Nice \u2013 Kontakta oss f\u00f6r att boka din dr\u00f6mresa idag!<\/a><\/li>\n\t\t<li class=\"wsp-post\"><a href=\"https:\/\/nicepartylife.com\/sv\/dar-koper-du-lyxiga-parfymer-fint-frankrike\/\">Var kan man k\u00f6pa lyxparfymer i Nice, Frankrike?<\/a><\/li>\n\t\t<li class=\"wsp-post\"><a href=\"https:\/\/nicepartylife.com\/sv\/hur-man-tar-sig-fran-nice-till-monte-carlo\/\">Hur tar man sig fr\u00e5n Nice, Frankrike till Monte Carlo?<\/a><\/li>\n\t\t<li class=\"wsp-post\"><a href=\"https:\/\/nicepartylife.com\/sv\/vad-ater-i-fina-frankrike\/\">Vad ska man \u00e4ta i Nice, Frankrike?<\/a><\/li>\n\t\t<li class=\"wsp-post\"><a href=\"https:\/\/nicepartylife.com\/sv\/hur-man-tar-sig-till-det-fina-frankrike\/\">Hur kommer man till Nice, Frankrike?<\/a><\/li>\n\t\t<li class=\"wsp-post\"><a href=\"https:\/\/nicepartylife.com\/sv\/vad-man-ska-gora-nar-det-regnar\/\">Vad ska man g\u00f6ra i Nice n\u00e4r det regnar?<\/a><\/li>\n\t\t<li class=\"wsp-post\"><a href=\"https:\/\/nicepartylife.com\/sv\/blomstermarknad-cours-saleya\/\">Blomstermarknaden och Cours Saleya-marknaden i Nice: En unik upplevelse<\/a><\/li>\n\t\t<li class=\"wsp-post\"><a href=\"https:\/\/nicepartylife.com\/sv\/nytt-ar-fint-frankrike\/\">Fira det nya \u00e5ret i Nice, Frankrike<\/a><\/li>\n\t\t<li class=\"wsp-post\"><a href=\"https:\/\/nicepartylife.com\/sv\/dagsutflykter-fran-nice\/\">B\u00e4sta dagsutflykterna fr\u00e5n Nice f\u00f6r ett minnesv\u00e4rt \u00e4ventyr p\u00e5 C\u00f4te d'Azur<\/a><\/li>\n<\/ul><\/li>\n<\/ul>\n<\/div>","protected":false},"excerpt":{"rendered":"","protected":false},"author":1,"featured_media":0,"parent":0,"menu_order":0,"comment_status":"closed","ping_status":"closed","template":"","meta":{"_kad_blocks_custom_css":"","_kad_blocks_head_custom_js":"","_kad_blocks_body_custom_js":"","_kad_blocks_footer_custom_js":"","_kad_post_transparent":"","_kad_post_title":"","_kad_post_layout":"","_kad_post_sidebar_id":"","_kad_post_content_style":"","_kad_post_vertical_padding":"","_kad_post_feature":"","_kad_post_feature_position":"","_kad_post_header":false,"_kad_post_footer":false,"_kad_post_classname":"","footnotes":""},"class_list":["post-2924","page","type-page","status-publish","hentry"],"taxonomy_info":[],"featured_image_src_large":false,"author_info":{"display_name":"Nice","author_link":"https:\/\/nicepartylife.com\/sv\/author\/nice\/"},"comment_info":0,"_links":{"self":[{"href":"https:\/\/nicepartylife.com\/sv\/wp-json\/wp\/v2\/pages\/2924","targetHints":{"allow":["GET"]}}],"collection":[{"href":"https:\/\/nicepartylife.com\/sv\/wp-json\/wp\/v2\/pages"}],"about":[{"href":"https:\/\/nicepartylife.com\/sv\/wp-json\/wp\/v2\/types\/page"}],"author":[{"embeddable":true,"href":"https:\/\/nicepartylife.com\/sv\/wp-json\/wp\/v2\/users\/1"}],"replies":[{"embeddable":true,"href":"https:\/\/nicepartylife.com\/sv\/wp-json\/wp\/v2\/comments?post=2924"}],"version-history":[{"count":2,"href":"https:\/\/nicepartylife.com\/sv\/wp-json\/wp\/v2\/pages\/2924\/revisions"}],"predecessor-version":[{"id":2926,"href":"https:\/\/nicepartylife.com\/sv\/wp-json\/wp\/v2\/pages\/2924\/revisions\/2926"}],"wp:attachment":[{"href":"https:\/\/nicepartylife.com\/sv\/wp-json\/wp\/v2\/media?parent=2924"}],"curies":[{"name":"wp","href":"https:\/\/api.w.org\/{rel}","templated":true}]}}